{"id":4100,"date":"2015-10-10T00:16:13","date_gmt":"2015-10-10T00:16:13","guid":{"rendered":"https:\/\/adriengontier.com\/?page_id=4100"},"modified":"2020-04-22T12:47:40","modified_gmt":"2020-04-22T10:47:40","slug":"tirage-optiques","status":"publish","type":"page","link":"https:\/\/adriengontier.com\/en\/tirage-optiques\/","title":{"rendered":"Tirage optiques"},"content":{"rendered":"<p>L\u2019avantage principal des boitiers hybrides d\u00e9pourvus de miroir comme les Sony A7\/A7R\/NEX les Fuji X et autre Panasonic G \/ Olympus en Micro 4\/3 c\u2019est leur faible tirage optique qui permet d\u2019adapter des bagues pour monter \u00e0 peut pr\u00e8s tout ce qu\u2019on veut comme optique.<\/p>\n<p>Ce qui n\u2019est pas possible parfois de faire notamment avec les boitiers Nikon FX et DX, le tirage optique c\u2019est la distance qui s\u00e9pare le cul de l\u2019objectif (pardonnez l\u2019expression) du capteur ou au plan film. Les anglophones appellent \u00e7a \u00ab\u00a0flange distance\u00a0\u00bb<\/p>\n<p>voici ce qu\u2019on en dit chez\u00a0<a href=\"http:\/\/en.wikipedia.org\/wiki\/Flange_focal_distance\" target=\"_blank\" rel=\"noopener noreferrer\">Wikipedia<\/a><a class=\"lightbox-added aligncenter\" href=\"http:\/\/www.pampuri.net\/wp-content\/uploads\/2014\/01\/440px-Flange_Focal_Length_2_types_camera.png\"><img decoding=\"async\" class=\"aligncenter size-full wp-image-5572\" src=\"http:\/\/www.pampuri.net\/wp-content\/uploads\/2014\/01\/440px-Flange_Focal_Length_2_types_camera.png\" alt=\"tirage optique - frange distance\" \/><\/a><\/p>\n<p>Le souci avec les Nikon c\u2019est que leur tirage optique est plus \u00e9lev\u00e9 que les autres boitiers avec 46,67mm contre par exemple 44 mm sur les Canon.<\/p>\n<p>Sur un boitier Micro 4\/3 c\u2019est \u00e0 peine 19,25 mm et l\u00e0 tout \u00e0 coup vous voyez la lumi\u00e8re non ? Vous vous dites mais oui mais bien sur c\u2019est pour \u00e7a qu\u2019on ne trouve pas de bague pour mettre des optiques Canon sur les boitier Nikon. Par contre l\u2019inverse est possible.<\/p>\n<p>Voici un petit r\u00e9capitulatif de ces tirages optiques en fonction des montures :<\/p>\n<p>&nbsp;<\/p>\n<p>PENTAX 6X7 = 84,95mm<\/p>\n<p>PENTAX 645 = 70,87mm<\/p>\n<p>MAMYA 645 = 63,30mm<\/p>\n<p>PANAVISION PV = 57,15mm<\/p>\n<p>ARRI PL = 52mm<\/p>\n<p>SONY B4 = 48mm<\/p>\n<p>LEICA R = 47mm<\/p>\n<p>NIKON F =\u00a046,67mm<\/p>\n<p>OLYMPUS OM = 46mm<\/p>\n<p>PENTAX K = 45,46mm<\/p>\n<p>M42 = 45,46mm<\/p>\n<p>SONY \/ MINOLTA A = 44,50mm<\/p>\n<p>MINOLTA SR = 43,50mm<\/p>\n<p>CANON EF = 44mm<\/p>\n<p>CANON FD = 42mm<\/p>\n<p>OLYMPUS 4\/3 = 38,67mm<\/p>\n<p>CONTAX \/ YASHIKA RF = 34,85mm<\/p>\n<p>CONTAX G = 29mm<\/p>\n<p>LEICA M = 27,80mm<\/p>\n<p>SAMSUNG NX = 25,50mm<\/p>\n<p>Micro 4\/3 = 19,25mm<\/p>\n<p>SONY E mount = 18mm<\/p>\n<p>CANON EF-M = 18mm<\/p>\n<p>FUJIFILM X = 17,7mm<\/p>\n<p>C Mount = 17,52mm<\/p>\n<p>NIKON 1 = 17mm<\/p>\n<p>PENTAX Q = 9,2mm<\/p>\n<p>&nbsp;<\/p>\n<p>Plus votre boitier se trouve en bas de la liste plus vous avez de possibilit\u00e9. En gros, tout ce qui se trouve au dessus dans la liste de votre monture sera en th\u00e9orie compatible mais attention, il faut aussi compter sur ce que les anglophones appellent le \u00ab\u00a0crop factor\u00a0\u00bb ainsi, il faut avoir en t\u00eate que si l\u2019on prend comme base la r\u00e9f\u00e9rence qui est le 24\u00d736 (que l\u2019on appelle a tord full frame ou plein format mais \u00e7a ne veut rien dire) suivant que vous avez un boitier type APS-C (\u00e9quivalent 35mm cinema \u00e0 un poil pr\u00eat) ou un Micro 4\/3 ou encore une camera type Blackmagic, pocket ou la 2,5k il y a des conversions qui ne sont pas tr\u00e8s heureuses et ce n\u2019est marqu\u00e9 nulle part dans les notices ou sur les boites de ces appareils. Derniere chose il faut que la bague existe, je ne pense pas par exemple qu\u2019il y ait un quelconque int\u00e9ret \u00e0 essayer de monter un objectif Pentax 6\u00d77 sur un boitier NIKON 1 par exemple \u2026<\/p>\n<p>Ainsi Blackmagic a pour sp\u00e9cialit\u00e9 de ne pas stipuler le fait que si on monte un 50mm Canon EF sur la BMCC en monture EF c\u2019est comme si on avait mont\u00e9 un 125mm le coefficient multiplicateur est de 2,39x, il est de 2x pour le Micro 4\/3 et 3x pour la Pocket Cin\u00e9ma Cam\u00e9ra !<\/p>\n<p>Ainsi si vous mettez un 50mm sur la BMPCC (BlackMagic Pocket Cinema Camera) vous vous retrouvez avec un 150mm ce qui va poser probl\u00e8me pour trouver des grand angles.<\/p>\n<p>Revenons a nos anneaux il en existe 3 sortes, les purement m\u00e9caniques, les m\u00e9caniques et \u00e9lectroniques et les m\u00e9caniques + convertisseur optiques.<\/p>\n<p>NOVOFLEX est un constructeur Allemand qui fait des bagues dans tous les sens mais sans conversion optiques. C\u2019est notamment chez eux gr\u00e2ce \u00e0 leur\u00a0<a href=\"https:\/\/www.novoflex.de\/en\/products-637\/lens-adapters\/adapterfinder.html\" target=\"_blank\" rel=\"noopener noreferrer\">petit outil en ligne<\/a>\u00a0que vous saurez ce qu\u2019il est possible de marier ou pas. Dans la colonne de gauche vous choisissez votre monture \u00e0 droite l\u2019optique que vous voulez adapter \u2026 c\u2019est simple et efficace. Dans 95% des cas, si c\u2019est pas sur le site NOVOFLEX c\u2019est que le mariage optique \/ monture est contre nature et que \u00e7a ne fonctionnera pas. Ils sont plus cher que certaines bagues \u00ab\u00a0No Name\u00a0\u00bb que vous trouverez sur la baie mais c\u2019est de la m\u00e9canique de pr\u00e9cision et vous ne vous risquez pas de vous retrouver avec une optique coinc\u00e9e dans une bague mal ajust\u00e9e qui peut en plus vous couper les doigts ! Autre chose il sont souvent dot\u00e9 d\u2019une bague de diaph manuelle d\u00e9-crant\u00e9e ce qui est assez appr\u00e9ciable en tournage video. Bref depuis le d\u00e9but de ce blog je pr\u00e9conise NOVOFLEX et je sais pourquoi &#x1f609;<\/p>","protected":false},"excerpt":{"rendered":"<p>L\u2019avantage principal des boitiers hybrides d\u00e9pourvus de miroir comme les Sony A7\/A7R\/NEX les Fuji X et autre Panasonic G \/ Olympus en Micro 4\/3 c\u2019est leur faible tirage optique qui permet d\u2019adapter des bagues pour monter \u00e0 peut pr\u00e8s tout ce qu\u2019on veut comme optique. Ce qui n\u2019est pas possible parfois de faire notamment avec [&hellip;]<\/p>\n","protected":false},"author":3,"featured_media":7408,"parent":0,"menu_order":0,"comment_status":"closed","ping_status":"closed","template":"","meta":{"_acf_changed":false,"footnotes":""},"class_list":["post-4100","page","type-page","status-publish","has-post-thumbnail","hentry"],"acf":[],"yoast_head":"<!-- This site is optimized with the Yoast SEO plugin v27.5 - https:\/\/yoast.com\/product\/yoast-seo-wordpress\/ -->\n<title>Tirage optiques | Adrien Gontier, Directeur de la photographie, Chef op\u00e9rateur, Cinematographer, Paris, France |<\/title>\n<meta name=\"description\" content=\"Adrien Gontier, Directeur de la photographie, Chef op\u00e9rateur, Cinematographer, Paris, France | Tirage optiques | adriengontier.com\" \/>\n<meta name=\"robots\" content=\"index, follow, max-snippet:-1, max-image-preview:large, max-video-preview:-1\" \/>\n<link rel=\"canonical\" href=\"https:\/\/adriengontier.com\/en\/tirage-optiques\/\" \/>\n<meta property=\"og:locale\" content=\"en_GB\" \/>\n<meta property=\"og:type\" content=\"article\" \/>\n<meta property=\"og:title\" content=\"Tirage optiques | Adrien Gontier, Directeur de la photographie, Chef op\u00e9rateur, Cinematographer, Paris, France |\" \/>\n<meta property=\"og:description\" content=\"Adrien Gontier, Directeur de la photographie, Chef op\u00e9rateur, Cinematographer, Paris, France | Tirage optiques | adriengontier.com\" \/>\n<meta property=\"og:url\" content=\"https:\/\/adriengontier.com\/en\/tirage-optiques\/\" \/>\n<meta property=\"og:site_name\" content=\"Adrien Gontier, Directeur de la photographie, Chef op\u00e9rateur, Cinematographer, Paris, France\" \/>\n<meta property=\"article:publisher\" content=\"https:\/\/www.facebook.com\/adriengontierDOP\/\" \/>\n<meta property=\"article:modified_time\" content=\"2020-04-22T10:47:40+00:00\" \/>\n<meta property=\"og:image\" content=\"https:\/\/adriengontier.com\/wp-content\/uploads\/vignette\/tirage-optique.png\" \/>\n\t<meta property=\"og:image:width\" content=\"1219\" \/>\n\t<meta property=\"og:image:height\" content=\"580\" \/>\n\t<meta property=\"og:image:type\" content=\"image\/png\" \/>\n<meta name=\"twitter:card\" content=\"summary_large_image\" \/>\n<meta name=\"twitter:site\" content=\"@adriengo\" \/>\n<meta name=\"twitter:label1\" content=\"Estimated reading time\" \/>\n\t<meta name=\"twitter:data1\" content=\"4 minutes\" \/>\n<script type=\"application\/ld+json\" class=\"yoast-schema-graph\">{\"@context\":\"https:\\\/\\\/schema.org\",\"@graph\":[{\"@type\":\"WebPage\",\"@id\":\"https:\\\/\\\/adriengontier.com\\\/tirage-optiques\\\/\",\"url\":\"https:\\\/\\\/adriengontier.com\\\/tirage-optiques\\\/\",\"name\":\"Tirage optiques | Adrien Gontier, Directeur de la photographie, Chef op\u00e9rateur, Cinematographer, Paris, France |\",\"isPartOf\":{\"@id\":\"https:\\\/\\\/adriengontier.com\\\/#website\"},\"primaryImageOfPage\":{\"@id\":\"https:\\\/\\\/adriengontier.com\\\/tirage-optiques\\\/#primaryimage\"},\"image\":{\"@id\":\"https:\\\/\\\/adriengontier.com\\\/tirage-optiques\\\/#primaryimage\"},\"thumbnailUrl\":\"https:\\\/\\\/adriengontier.com\\\/wp-content\\\/uploads\\\/vignette\\\/tirage-optique.png\",\"datePublished\":\"2015-10-10T00:16:13+00:00\",\"dateModified\":\"2020-04-22T10:47:40+00:00\",\"description\":\"Adrien Gontier, Directeur de la photographie, Chef op\u00e9rateur, Cinematographer, Paris, France | Tirage optiques | adriengontier.com\",\"breadcrumb\":{\"@id\":\"https:\\\/\\\/adriengontier.com\\\/tirage-optiques\\\/#breadcrumb\"},\"inLanguage\":\"en-GB\",\"potentialAction\":[{\"@type\":\"ReadAction\",\"target\":[\"https:\\\/\\\/adriengontier.com\\\/tirage-optiques\\\/\"]}]},{\"@type\":\"ImageObject\",\"inLanguage\":\"en-GB\",\"@id\":\"https:\\\/\\\/adriengontier.com\\\/tirage-optiques\\\/#primaryimage\",\"url\":\"https:\\\/\\\/adriengontier.com\\\/wp-content\\\/uploads\\\/vignette\\\/tirage-optique.png\",\"contentUrl\":\"https:\\\/\\\/adriengontier.com\\\/wp-content\\\/uploads\\\/vignette\\\/tirage-optique.png\",\"width\":1219,\"height\":580,\"caption\":\"Chef op\u00e9rateur \u00e9quip\u00e9 Paris Directeur de la photographie - Mat\u00e9riel\"},{\"@type\":\"BreadcrumbList\",\"@id\":\"https:\\\/\\\/adriengontier.com\\\/tirage-optiques\\\/#breadcrumb\",\"itemListElement\":[{\"@type\":\"ListItem\",\"position\":1,\"name\":\"Home\",\"item\":\"https:\\\/\\\/adriengontier.com\\\/\"},{\"@type\":\"ListItem\",\"position\":2,\"name\":\"Tirage optiques\"}]},{\"@type\":\"WebSite\",\"@id\":\"https:\\\/\\\/adriengontier.com\\\/#website\",\"url\":\"https:\\\/\\\/adriengontier.com\\\/\",\"name\":\"Adrien Gontier, Directeur de la photographie, Chef op\u00e9rateur, Cinematographer, Paris, France\",\"description\":\"Chef op\u00e9rateur, Directeur de la photographie, Paris, France\",\"publisher\":{\"@id\":\"https:\\\/\\\/adriengontier.com\\\/#organization\"},\"potentialAction\":[{\"@type\":\"SearchAction\",\"target\":{\"@type\":\"EntryPoint\",\"urlTemplate\":\"https:\\\/\\\/adriengontier.com\\\/?s={search_term_string}\"},\"query-input\":{\"@type\":\"PropertyValueSpecification\",\"valueRequired\":true,\"valueName\":\"search_term_string\"}}],\"inLanguage\":\"en-GB\"},{\"@type\":\"Organization\",\"@id\":\"https:\\\/\\\/adriengontier.com\\\/#organization\",\"name\":\"Adrien Gontier, Directeur de la photographie, Chef op\u00e9rateur, Cinematographer, Dop, Paris, France\",\"url\":\"https:\\\/\\\/adriengontier.com\\\/\",\"logo\":{\"@type\":\"ImageObject\",\"inLanguage\":\"en-GB\",\"@id\":\"https:\\\/\\\/adriengontier.com\\\/#\\\/schema\\\/logo\\\/image\\\/\",\"url\":\"https:\\\/\\\/adriengontier.com\\\/wp-content\\\/uploads\\\/vignette\\\/cropped-logo-AdrienGontier-2020-601-1.png\",\"contentUrl\":\"https:\\\/\\\/adriengontier.com\\\/wp-content\\\/uploads\\\/vignette\\\/cropped-logo-AdrienGontier-2020-601-1.png\",\"width\":601,\"height\":172,\"caption\":\"Adrien Gontier, Directeur de la photographie, Chef op\u00e9rateur, Cinematographer, Dop, Paris, France\"},\"image\":{\"@id\":\"https:\\\/\\\/adriengontier.com\\\/#\\\/schema\\\/logo\\\/image\\\/\"},\"sameAs\":[\"https:\\\/\\\/www.facebook.com\\\/adriengontierDOP\\\/\",\"https:\\\/\\\/x.com\\\/adriengo\",\"https:\\\/\\\/www.instagram.com\\\/adriengontier\\\/\",\"https:\\\/\\\/fr.linkedin.com\\\/in\\\/adriengo\",\"https:\\\/\\\/vimeo.com\\\/adriengo\"]}]}<\/script>\n<!-- \/ Yoast SEO plugin. -->","yoast_head_json":{"title":"Tirage optiques | Adrien Gontier, Directeur de la photographie, Chef op\u00e9rateur, Cinematographer, Paris, France |","description":"Adrien Gontier, Directeur de la photographie, Chef op\u00e9rateur, Cinematographer, Paris, France | Tirage optiques | adriengontier.com","robots":{"index":"index","follow":"follow","max-snippet":"max-snippet:-1","max-image-preview":"max-image-preview:large","max-video-preview":"max-video-preview:-1"},"canonical":"https:\/\/adriengontier.com\/en\/tirage-optiques\/","og_locale":"en_GB","og_type":"article","og_title":"Tirage optiques | Adrien Gontier, Directeur de la photographie, Chef op\u00e9rateur, Cinematographer, Paris, France |","og_description":"Adrien Gontier, Directeur de la photographie, Chef op\u00e9rateur, Cinematographer, Paris, France | Tirage optiques | adriengontier.com","og_url":"https:\/\/adriengontier.com\/en\/tirage-optiques\/","og_site_name":"Adrien Gontier, Directeur de la photographie, Chef op\u00e9rateur, Cinematographer, Paris, France","article_publisher":"https:\/\/www.facebook.com\/adriengontierDOP\/","article_modified_time":"2020-04-22T10:47:40+00:00","og_image":[{"width":1219,"height":580,"url":"https:\/\/adriengontier.com\/wp-content\/uploads\/vignette\/tirage-optique.png","type":"image\/png"}],"twitter_card":"summary_large_image","twitter_site":"@adriengo","twitter_misc":{"Estimated reading time":"4 minutes"},"schema":{"@context":"https:\/\/schema.org","@graph":[{"@type":"WebPage","@id":"https:\/\/adriengontier.com\/tirage-optiques\/","url":"https:\/\/adriengontier.com\/tirage-optiques\/","name":"Tirage optiques | Adrien Gontier, Directeur de la photographie, Chef op\u00e9rateur, Cinematographer, Paris, France |","isPartOf":{"@id":"https:\/\/adriengontier.com\/#website"},"primaryImageOfPage":{"@id":"https:\/\/adriengontier.com\/tirage-optiques\/#primaryimage"},"image":{"@id":"https:\/\/adriengontier.com\/tirage-optiques\/#primaryimage"},"thumbnailUrl":"https:\/\/adriengontier.com\/wp-content\/uploads\/vignette\/tirage-optique.png","datePublished":"2015-10-10T00:16:13+00:00","dateModified":"2020-04-22T10:47:40+00:00","description":"Adrien Gontier, Directeur de la photographie, Chef op\u00e9rateur, Cinematographer, Paris, France | Tirage optiques | adriengontier.com","breadcrumb":{"@id":"https:\/\/adriengontier.com\/tirage-optiques\/#breadcrumb"},"inLanguage":"en-GB","potentialAction":[{"@type":"ReadAction","target":["https:\/\/adriengontier.com\/tirage-optiques\/"]}]},{"@type":"ImageObject","inLanguage":"en-GB","@id":"https:\/\/adriengontier.com\/tirage-optiques\/#primaryimage","url":"https:\/\/adriengontier.com\/wp-content\/uploads\/vignette\/tirage-optique.png","contentUrl":"https:\/\/adriengontier.com\/wp-content\/uploads\/vignette\/tirage-optique.png","width":1219,"height":580,"caption":"Chef op\u00e9rateur \u00e9quip\u00e9 Paris Directeur de la photographie - Mat\u00e9riel"},{"@type":"BreadcrumbList","@id":"https:\/\/adriengontier.com\/tirage-optiques\/#breadcrumb","itemListElement":[{"@type":"ListItem","position":1,"name":"Home","item":"https:\/\/adriengontier.com\/"},{"@type":"ListItem","position":2,"name":"Tirage optiques"}]},{"@type":"WebSite","@id":"https:\/\/adriengontier.com\/#website","url":"https:\/\/adriengontier.com\/","name":"Adrien Gontier, Directeur de la photographie, Chef op\u00e9rateur, Cinematographer, Paris, France","description":"Chef op\u00e9rateur, Directeur de la photographie, Paris, France","publisher":{"@id":"https:\/\/adriengontier.com\/#organization"},"potentialAction":[{"@type":"SearchAction","target":{"@type":"EntryPoint","urlTemplate":"https:\/\/adriengontier.com\/?s={search_term_string}"},"query-input":{"@type":"PropertyValueSpecification","valueRequired":true,"valueName":"search_term_string"}}],"inLanguage":"en-GB"},{"@type":"Organization","@id":"https:\/\/adriengontier.com\/#organization","name":"Adrien Gontier, Directeur de la photographie, Chef op\u00e9rateur, Cinematographer, Dop, Paris, France","url":"https:\/\/adriengontier.com\/","logo":{"@type":"ImageObject","inLanguage":"en-GB","@id":"https:\/\/adriengontier.com\/#\/schema\/logo\/image\/","url":"https:\/\/adriengontier.com\/wp-content\/uploads\/vignette\/cropped-logo-AdrienGontier-2020-601-1.png","contentUrl":"https:\/\/adriengontier.com\/wp-content\/uploads\/vignette\/cropped-logo-AdrienGontier-2020-601-1.png","width":601,"height":172,"caption":"Adrien Gontier, Directeur de la photographie, Chef op\u00e9rateur, Cinematographer, Dop, Paris, France"},"image":{"@id":"https:\/\/adriengontier.com\/#\/schema\/logo\/image\/"},"sameAs":["https:\/\/www.facebook.com\/adriengontierDOP\/","https:\/\/x.com\/adriengo","https:\/\/www.instagram.com\/adriengontier\/","https:\/\/fr.linkedin.com\/in\/adriengo","https:\/\/vimeo.com\/adriengo"]}]}},"_links":{"self":[{"href":"https:\/\/adriengontier.com\/en\/wp-json\/wp\/v2\/pages\/4100","targetHints":{"allow":["GET"]}}],"collection":[{"href":"https:\/\/adriengontier.com\/en\/wp-json\/wp\/v2\/pages"}],"about":[{"href":"https:\/\/adriengontier.com\/en\/wp-json\/wp\/v2\/types\/page"}],"author":[{"embeddable":true,"href":"https:\/\/adriengontier.com\/en\/wp-json\/wp\/v2\/users\/3"}],"replies":[{"embeddable":true,"href":"https:\/\/adriengontier.com\/en\/wp-json\/wp\/v2\/comments?post=4100"}],"version-history":[{"count":1,"href":"https:\/\/adriengontier.com\/en\/wp-json\/wp\/v2\/pages\/4100\/revisions"}],"predecessor-version":[{"id":11226,"href":"https:\/\/adriengontier.com\/en\/wp-json\/wp\/v2\/pages\/4100\/revisions\/11226"}],"wp:featuredmedia":[{"embeddable":true,"href":"https:\/\/adriengontier.com\/en\/wp-json\/wp\/v2\/media\/7408"}],"wp:attachment":[{"href":"https:\/\/adriengontier.com\/en\/wp-json\/wp\/v2\/media?parent=4100"}],"curies":[{"name":"wp","href":"https:\/\/api.w.org\/{rel}","templated":true}]}}