{"id":4347,"date":"2016-01-22T22:48:12","date_gmt":"2016-01-22T22:48:12","guid":{"rendered":"https:\/\/adriengontier.com\/?page_id=4347"},"modified":"2019-12-23T13:45:06","modified_gmt":"2019-12-23T11:45:06","slug":"red-sensor","status":"publish","type":"page","link":"https:\/\/adriengontier.com\/en\/red-sensor\/","title":{"rendered":"Taille de capteur &#8211; RED Sensor"},"content":{"rendered":"<p>&nbsp;<\/p>\n<p><a href=\"https:\/\/adriengontier.com\/wp-content\/uploads\/vignette\/taille-de-capteur.jpg\"><img fetchpriority=\"high\" decoding=\"async\" class=\"wp-image-4349 alignnone\" src=\"https:\/\/adriengontier.com\/wp-content\/uploads\/vignette\/taille-de-capteur-472x263.jpg\" alt=\"taille de capteur\" width=\"621\" height=\"346\" \/><\/a><\/p>\n<div><span style=\"font-family: 'Times New Roman', serif; font-size: medium;\"><span style=\"color: #1f497d; font-family: Calibri, sans-serif; font-size: small;\">\u00a0<a href=\"https:\/\/adriengontier.com\/wp-content\/uploads\/vignette\/Epic-6k.png\"><img decoding=\"async\" class=\"size-medium wp-image-4354 alignnone\" src=\"https:\/\/adriengontier.com\/wp-content\/uploads\/vignette\/Epic-6k-472x93.png\" alt=\"Epic 6k\" width=\"472\" height=\"93\" srcset=\"https:\/\/adriengontier.com\/wp-content\/uploads\/vignette\/Epic-6k-472x93.png 472w, https:\/\/adriengontier.com\/wp-content\/uploads\/vignette\/Epic-6k.png 626w\" sizes=\"(max-width: 472px) 100vw, 472px\" \/><\/a> <a href=\"https:\/\/adriengontier.com\/wp-content\/uploads\/vignette\/Scarlet-w.png\"><img decoding=\"async\" class=\"size-medium wp-image-4355 alignnone\" src=\"https:\/\/adriengontier.com\/wp-content\/uploads\/vignette\/Scarlet-w-472x96.png\" alt=\"Scarlet-w\" width=\"472\" height=\"96\" srcset=\"https:\/\/adriengontier.com\/wp-content\/uploads\/vignette\/Scarlet-w-472x96.png 472w, https:\/\/adriengontier.com\/wp-content\/uploads\/vignette\/Scarlet-w.png 616w\" sizes=\"(max-width: 472px) 100vw, 472px\" \/><\/a><\/span><\/span><\/div>\n<div><\/div>\n<div><span style=\"font-family: 'Times New Roman', serif; font-size: medium;\"><span style=\"color: #1f497d; font-family: Calibri, sans-serif; font-size: small;\">Scarlet-W Max frame rates:<\/span><\/span><\/div>\n<div><span style=\"font-family: 'Times New Roman', serif; font-size: medium;\"><span style=\"color: #1f497d; font-family: Calibri, sans-serif; font-size: small;\">\u00a0<\/span><\/span><\/div>\n<div><span style=\"font-family: 'Times New Roman', serif; font-size: medium;\"><span style=\"color: #1f497d; font-family: Calibri, sans-serif; font-size: small;\">The 50 fps at 5K Full Frame (5120 \u00d7 2700) and 9:1 REDCODE<\/span><\/span><\/div>\n<div><span style=\"font-family: 'Times New Roman', serif; font-size: medium;\"><span style=\"color: #1f497d; font-family: Calibri, sans-serif; font-size: small;\">60 fps at 5K 2.4:1 (5120 \u00d7 2160) and 9:1 REDCODE<\/span><\/span><\/div>\n<div><span style=\"font-family: 'Times New Roman', serif; font-size: medium;\"><span style=\"color: #1f497d; font-family: Calibri, sans-serif; font-size: small;\">100 fps at 4.5K Full Frame (4608 \u00d7 2412) and 14:1 REDCODE<\/span><\/span><\/div>\n<div><span style=\"font-family: 'Times New Roman', serif; font-size: medium;\"><span style=\"color: #1f497d; font-family: Calibri, sans-serif; font-size: small;\">120 fps at 4.5K 2.4:1 (4608 \u00d7 1944) and 13:1 REDCODE<\/span><\/span><\/div>\n<div><span style=\"font-family: 'Times New Roman', serif; font-size: medium;\"><span style=\"color: #1f497d; font-family: Calibri, sans-serif; font-size: small;\">120 fps at 4K Full Frame (4096 \u00d7 2160) and 13:1 REDCODE<\/span><\/span><\/div>\n<div><span style=\"font-family: 'Times New Roman', serif; font-size: medium;\"><span style=\"color: #1f497d; font-family: Calibri, sans-serif; font-size: small;\">150 fps at 4K 2.4:1 (4096 \u00d7 1728) and 14:1 REDCODE<\/span><\/span><\/div>\n<div><span style=\"font-family: 'Times New Roman', serif; font-size: medium;\"><span style=\"color: #1f497d; font-family: Calibri, sans-serif; font-size: small;\">150 fps at 3K Full Frame (3072 \u00d7 1620) and 10:1 REDCODE<\/span><\/span><\/div>\n<div><span style=\"font-family: 'Times New Roman', serif; font-size: medium;\"><span style=\"color: #1f497d; font-family: Calibri, sans-serif; font-size: small;\">200 fps at 3K 2.4:1 (3072 \u00d7 1296) and 11:1 REDCODE<\/span><\/span><\/div>\n<div><span style=\"font-family: 'Times New Roman', serif; font-size: medium;\"><span style=\"color: #1f497d; font-family: Calibri, sans-serif; font-size: small;\">240 fps at 2K Full Frame (2048 \u00d7 1080) and 8:1 REDCODE<\/span><\/span><\/div>\n<div><span style=\"font-family: 'Times New Roman', serif; font-size: medium;\"><span style=\"color: #1f497d; font-family: Calibri, sans-serif; font-size: small;\">300 fps at 2K 2.4:1 (2048 \u00d7 864) and 8:1 REDCODE<\/span><\/span><\/div>\n<div>\n<div><span style=\"font-family: 'Times New Roman', serif; font-size: medium;\"><span style=\"color: #1f497d; font-family: Calibri, sans-serif; font-size: small;\">Best regards,<\/span><\/span><\/div>\n<div><span style=\"font-family: 'Times New Roman', serif; font-size: medium;\"><span style=\"color: #1f497d; font-family: Calibri, sans-serif; font-size: small;\">\u00a0<\/span><\/span><\/div>\n<div><span style=\"font-family: 'Times New Roman', serif; font-size: medium;\"><span style=\"color: #1f497d; font-family: Calibri, sans-serif; font-size: small;\">Epic Dragon Max frame rates:<\/span><\/span><\/div>\n<div><span style=\"font-family: 'Times New Roman', serif; font-size: medium;\"><span style=\"color: #1f497d; font-family: Calibri, sans-serif; font-size: small;\">\u00a0<\/span><\/span><\/div>\n<div><span style=\"font-family: 'Times New Roman', serif; font-size: medium;\"><span style=\"color: #1f497d; font-family: Calibri, sans-serif; font-size: small;\">75 fps at 6K Full Frame (6144 \u00d7 3160) and 13:1 REDCODE<\/span><\/span><\/div>\n<div><span style=\"font-family: 'Times New Roman', serif; font-size: medium;\"><span style=\"color: #1f497d; font-family: Calibri, sans-serif; font-size: small;\">100 fps at 6K 2.4:1 (6144 \u00d7 2592) and 14:1 REDCODE<\/span><\/span><\/div>\n<div><span style=\"font-family: 'Times New Roman', serif; font-size: medium;\"><span style=\"color: #1f497d; font-family: Calibri, sans-serif; font-size: small;\">96 fps at 5K Full Frame (5120 \u00d7 2700) and 12:1 REDCODE<\/span><\/span><\/div>\n<div><span style=\"font-family: 'Times New Roman', serif; font-size: medium;\"><span style=\"color: #1f497d; font-family: Calibri, sans-serif; font-size: small;\">120 fps at 5K 2.4:1 (5120 \u00d7 2160) and 12:1 REDCODE<\/span><\/span><\/div>\n<div><span style=\"font-family: 'Times New Roman', serif; font-size: medium;\"><span style=\"color: #1f497d; font-family: Calibri, sans-serif; font-size: small;\">100 fps at 4.5K Full Frame (4608 \u00d7 2412) and 10:1 REDCODE<\/span><\/span><\/div>\n<div><span style=\"font-family: 'Times New Roman', serif; font-size: medium;\"><span style=\"color: #1f497d; font-family: Calibri, sans-serif; font-size: small;\">120 fps at 4.5K 2.4:1 (4608 \u00d7 1944) and 10:1 REDCODE<\/span><\/span><\/div>\n<div><span style=\"font-family: 'Times New Roman', serif; font-size: medium;\"><span style=\"color: #1f497d; font-family: Calibri, sans-serif; font-size: small;\">120 fps at 4K Full Frame (4096 \u00d7 2160) and 9:1 REDCODE<\/span><\/span><\/div>\n<div><span style=\"font-family: 'Times New Roman', serif; font-size: medium;\"><span style=\"color: #1f497d; font-family: Calibri, sans-serif; font-size: small;\">150 fps at 4K 2.4:1 (4096 \u00d7 1728) and 10:1 REDCODE<\/span><\/span><\/div>\n<div><span style=\"font-family: 'Times New Roman', serif; font-size: medium;\"><span style=\"color: #1f497d; font-family: Calibri, sans-serif; font-size: small;\">150 fps at 3K Full Frame (3072 \u00d7 1620) and 7:1 REDCODE<\/span><\/span><\/div>\n<div><span style=\"font-family: 'Times New Roman', serif; font-size: medium;\"><span style=\"color: #1f497d; font-family: Calibri, sans-serif; font-size: small;\">200 fps at 3K 2.4:1 (3072 \u00d7 1296) and 8:1 REDCODE<\/span><\/span><\/div>\n<div><span style=\"font-family: 'Times New Roman', serif; font-size: medium;\"><span style=\"color: #1f497d; font-family: Calibri, sans-serif; font-size: small;\">240 fps at 2K Full Frame (2048 \u00d7 1080) and 6:1 REDCODE<\/span><\/span><\/div>\n<div><span style=\"font-family: 'Times New Roman', serif; font-size: medium;\"><span style=\"color: #1f497d; font-family: Calibri, sans-serif; font-size: small;\">300 fps at 2K 2.4:1 (2048 \u00d7 864) and 6:1 REDCODE<\/span><\/span><\/div>\n<div><span style=\"font-family: 'Times New Roman', serif; font-size: medium;\"><span style=\"color: #1f497d; font-family: Calibri, sans-serif; font-size: small;\">\u00a0<\/span><\/span><\/div>\n<div><span style=\"font-family: 'Times New Roman', serif; font-size: medium;\"><span style=\"color: #1f497d; font-family: Calibri, sans-serif; font-size: small;\">\u00a0<\/span><\/span><\/div>\n<\/div>","protected":false},"excerpt":{"rendered":"<p>&nbsp; \u00a0 Scarlet-W Max frame rates: \u00a0 The 50 fps at 5K Full Frame (5120 \u00d7 2700) and 9:1 REDCODE 60 fps at 5K 2.4:1 (5120 \u00d7 2160) and 9:1 REDCODE 100 fps at 4.5K Full Frame (4608 \u00d7 2412) and 14:1 REDCODE 120 fps at 4.5K 2.4:1 (4608 \u00d7 1944) and 13:1 REDCODE 120 [&hellip;]<\/p>\n","protected":false},"author":3,"featured_media":6865,"parent":0,"menu_order":0,"comment_status":"closed","ping_status":"closed","template":"","meta":{"_acf_changed":false,"footnotes":""},"class_list":["post-4347","page","type-page","status-publish","has-post-thumbnail","hentry"],"acf":[],"yoast_head":"<!-- This site is optimized with the Yoast SEO plugin v27.4 - https:\/\/yoast.com\/product\/yoast-seo-wordpress\/ -->\n<title>Taille de capteur - RED Sensor | Adrien Gontier, Directeur de la photographie, Chef op\u00e9rateur, Cinematographer, Paris, France |<\/title>\n<meta name=\"description\" content=\"Adrien Gontier, Directeur de la photographie, Chef op\u00e9rateur, Cinematographer, Paris, France | Taille de capteur - RED Sensor | adriengontier.com\" \/>\n<meta name=\"robots\" content=\"index, follow, max-snippet:-1, max-image-preview:large, max-video-preview:-1\" \/>\n<link rel=\"canonical\" href=\"https:\/\/adriengontier.com\/en\/red-sensor\/\" \/>\n<meta property=\"og:locale\" content=\"en_GB\" \/>\n<meta property=\"og:type\" content=\"article\" \/>\n<meta property=\"og:title\" content=\"Taille de capteur - RED Sensor | Adrien Gontier, Directeur de la photographie, Chef op\u00e9rateur, Cinematographer, Paris, France |\" \/>\n<meta property=\"og:description\" content=\"Adrien Gontier, Directeur de la photographie, Chef op\u00e9rateur, Cinematographer, Paris, France | Taille de capteur - RED Sensor | adriengontier.com\" \/>\n<meta property=\"og:url\" content=\"https:\/\/adriengontier.com\/en\/red-sensor\/\" \/>\n<meta property=\"og:site_name\" content=\"Adrien Gontier, Directeur de la photographie, Chef op\u00e9rateur, Cinematographer, Paris, France\" \/>\n<meta property=\"article:publisher\" content=\"https:\/\/www.facebook.com\/adriengontierDOP\/\" \/>\n<meta property=\"article:modified_time\" content=\"2019-12-23T11:45:06+00:00\" \/>\n<meta property=\"og:image\" content=\"https:\/\/adriengontier.com\/wp-content\/uploads\/vignette\/RED-MONTRO-8K-02.png\" \/>\n\t<meta property=\"og:image:width\" content=\"917\" \/>\n\t<meta property=\"og:image:height\" content=\"483\" \/>\n\t<meta property=\"og:image:type\" content=\"image\/png\" \/>\n<meta name=\"twitter:card\" content=\"summary_large_image\" \/>\n<meta name=\"twitter:site\" content=\"@adriengo\" \/>\n<meta name=\"twitter:label1\" content=\"Estimated reading time\" \/>\n\t<meta name=\"twitter:data1\" content=\"1 minute\" \/>\n<script type=\"application\/ld+json\" class=\"yoast-schema-graph\">{\"@context\":\"https:\\\/\\\/schema.org\",\"@graph\":[{\"@type\":\"WebPage\",\"@id\":\"https:\\\/\\\/adriengontier.com\\\/red-sensor\\\/\",\"url\":\"https:\\\/\\\/adriengontier.com\\\/red-sensor\\\/\",\"name\":\"Taille de capteur - RED Sensor | Adrien Gontier, Directeur de la photographie, Chef op\u00e9rateur, Cinematographer, Paris, France |\",\"isPartOf\":{\"@id\":\"https:\\\/\\\/adriengontier.com\\\/#website\"},\"primaryImageOfPage\":{\"@id\":\"https:\\\/\\\/adriengontier.com\\\/red-sensor\\\/#primaryimage\"},\"image\":{\"@id\":\"https:\\\/\\\/adriengontier.com\\\/red-sensor\\\/#primaryimage\"},\"thumbnailUrl\":\"https:\\\/\\\/adriengontier.com\\\/wp-content\\\/uploads\\\/vignette\\\/RED-MONTRO-8K-02.png\",\"datePublished\":\"2016-01-22T22:48:12+00:00\",\"dateModified\":\"2019-12-23T11:45:06+00:00\",\"description\":\"Adrien Gontier, Directeur de la photographie, Chef op\u00e9rateur, Cinematographer, Paris, France | Taille de capteur - RED Sensor | adriengontier.com\",\"breadcrumb\":{\"@id\":\"https:\\\/\\\/adriengontier.com\\\/red-sensor\\\/#breadcrumb\"},\"inLanguage\":\"en-GB\",\"potentialAction\":[{\"@type\":\"ReadAction\",\"target\":[\"https:\\\/\\\/adriengontier.com\\\/red-sensor\\\/\"]}]},{\"@type\":\"ImageObject\",\"inLanguage\":\"en-GB\",\"@id\":\"https:\\\/\\\/adriengontier.com\\\/red-sensor\\\/#primaryimage\",\"url\":\"https:\\\/\\\/adriengontier.com\\\/wp-content\\\/uploads\\\/vignette\\\/RED-MONTRO-8K-02.png\",\"contentUrl\":\"https:\\\/\\\/adriengontier.com\\\/wp-content\\\/uploads\\\/vignette\\\/RED-MONTRO-8K-02.png\",\"width\":917,\"height\":483,\"caption\":\"Chef op\u00e9rateur \u00e9quip\u00e9 Paris Directeur de la photographie - Mat\u00e9riel\"},{\"@type\":\"BreadcrumbList\",\"@id\":\"https:\\\/\\\/adriengontier.com\\\/red-sensor\\\/#breadcrumb\",\"itemListElement\":[{\"@type\":\"ListItem\",\"position\":1,\"name\":\"Home\",\"item\":\"https:\\\/\\\/adriengontier.com\\\/\"},{\"@type\":\"ListItem\",\"position\":2,\"name\":\"Taille de capteur &#8211; RED Sensor\"}]},{\"@type\":\"WebSite\",\"@id\":\"https:\\\/\\\/adriengontier.com\\\/#website\",\"url\":\"https:\\\/\\\/adriengontier.com\\\/\",\"name\":\"Adrien Gontier, Directeur de la photographie, Chef op\u00e9rateur, Cinematographer, Paris, France\",\"description\":\"Chef op\u00e9rateur, Directeur de la photographie, Paris, France\",\"publisher\":{\"@id\":\"https:\\\/\\\/adriengontier.com\\\/#organization\"},\"potentialAction\":[{\"@type\":\"SearchAction\",\"target\":{\"@type\":\"EntryPoint\",\"urlTemplate\":\"https:\\\/\\\/adriengontier.com\\\/?s={search_term_string}\"},\"query-input\":{\"@type\":\"PropertyValueSpecification\",\"valueRequired\":true,\"valueName\":\"search_term_string\"}}],\"inLanguage\":\"en-GB\"},{\"@type\":\"Organization\",\"@id\":\"https:\\\/\\\/adriengontier.com\\\/#organization\",\"name\":\"Adrien Gontier, Directeur de la photographie, Chef op\u00e9rateur, Cinematographer, Dop, Paris, France\",\"url\":\"https:\\\/\\\/adriengontier.com\\\/\",\"logo\":{\"@type\":\"ImageObject\",\"inLanguage\":\"en-GB\",\"@id\":\"https:\\\/\\\/adriengontier.com\\\/#\\\/schema\\\/logo\\\/image\\\/\",\"url\":\"https:\\\/\\\/adriengontier.com\\\/wp-content\\\/uploads\\\/vignette\\\/cropped-logo-AdrienGontier-2020-601-1.png\",\"contentUrl\":\"https:\\\/\\\/adriengontier.com\\\/wp-content\\\/uploads\\\/vignette\\\/cropped-logo-AdrienGontier-2020-601-1.png\",\"width\":601,\"height\":172,\"caption\":\"Adrien Gontier, Directeur de la photographie, Chef op\u00e9rateur, Cinematographer, Dop, Paris, France\"},\"image\":{\"@id\":\"https:\\\/\\\/adriengontier.com\\\/#\\\/schema\\\/logo\\\/image\\\/\"},\"sameAs\":[\"https:\\\/\\\/www.facebook.com\\\/adriengontierDOP\\\/\",\"https:\\\/\\\/x.com\\\/adriengo\",\"https:\\\/\\\/www.instagram.com\\\/adriengontier\\\/\",\"https:\\\/\\\/fr.linkedin.com\\\/in\\\/adriengo\",\"https:\\\/\\\/vimeo.com\\\/adriengo\"]}]}<\/script>\n<!-- \/ Yoast SEO plugin. -->","yoast_head_json":{"title":"Taille de capteur - RED Sensor | Adrien Gontier, Directeur de la photographie, Chef op\u00e9rateur, Cinematographer, Paris, France |","description":"Adrien Gontier, Directeur de la photographie, Chef op\u00e9rateur, Cinematographer, Paris, France | Taille de capteur - RED Sensor | adriengontier.com","robots":{"index":"index","follow":"follow","max-snippet":"max-snippet:-1","max-image-preview":"max-image-preview:large","max-video-preview":"max-video-preview:-1"},"canonical":"https:\/\/adriengontier.com\/en\/red-sensor\/","og_locale":"en_GB","og_type":"article","og_title":"Taille de capteur - RED Sensor | Adrien Gontier, Directeur de la photographie, Chef op\u00e9rateur, Cinematographer, Paris, France |","og_description":"Adrien Gontier, Directeur de la photographie, Chef op\u00e9rateur, Cinematographer, Paris, France | Taille de capteur - RED Sensor | adriengontier.com","og_url":"https:\/\/adriengontier.com\/en\/red-sensor\/","og_site_name":"Adrien Gontier, Directeur de la photographie, Chef op\u00e9rateur, Cinematographer, Paris, France","article_publisher":"https:\/\/www.facebook.com\/adriengontierDOP\/","article_modified_time":"2019-12-23T11:45:06+00:00","og_image":[{"width":917,"height":483,"url":"https:\/\/adriengontier.com\/wp-content\/uploads\/vignette\/RED-MONTRO-8K-02.png","type":"image\/png"}],"twitter_card":"summary_large_image","twitter_site":"@adriengo","twitter_misc":{"Estimated reading time":"1 minute"},"schema":{"@context":"https:\/\/schema.org","@graph":[{"@type":"WebPage","@id":"https:\/\/adriengontier.com\/red-sensor\/","url":"https:\/\/adriengontier.com\/red-sensor\/","name":"Taille de capteur - RED Sensor | Adrien Gontier, Directeur de la photographie, Chef op\u00e9rateur, Cinematographer, Paris, France |","isPartOf":{"@id":"https:\/\/adriengontier.com\/#website"},"primaryImageOfPage":{"@id":"https:\/\/adriengontier.com\/red-sensor\/#primaryimage"},"image":{"@id":"https:\/\/adriengontier.com\/red-sensor\/#primaryimage"},"thumbnailUrl":"https:\/\/adriengontier.com\/wp-content\/uploads\/vignette\/RED-MONTRO-8K-02.png","datePublished":"2016-01-22T22:48:12+00:00","dateModified":"2019-12-23T11:45:06+00:00","description":"Adrien Gontier, Directeur de la photographie, Chef op\u00e9rateur, Cinematographer, Paris, France | Taille de capteur - RED Sensor | adriengontier.com","breadcrumb":{"@id":"https:\/\/adriengontier.com\/red-sensor\/#breadcrumb"},"inLanguage":"en-GB","potentialAction":[{"@type":"ReadAction","target":["https:\/\/adriengontier.com\/red-sensor\/"]}]},{"@type":"ImageObject","inLanguage":"en-GB","@id":"https:\/\/adriengontier.com\/red-sensor\/#primaryimage","url":"https:\/\/adriengontier.com\/wp-content\/uploads\/vignette\/RED-MONTRO-8K-02.png","contentUrl":"https:\/\/adriengontier.com\/wp-content\/uploads\/vignette\/RED-MONTRO-8K-02.png","width":917,"height":483,"caption":"Chef op\u00e9rateur \u00e9quip\u00e9 Paris Directeur de la photographie - Mat\u00e9riel"},{"@type":"BreadcrumbList","@id":"https:\/\/adriengontier.com\/red-sensor\/#breadcrumb","itemListElement":[{"@type":"ListItem","position":1,"name":"Home","item":"https:\/\/adriengontier.com\/"},{"@type":"ListItem","position":2,"name":"Taille de capteur &#8211; RED Sensor"}]},{"@type":"WebSite","@id":"https:\/\/adriengontier.com\/#website","url":"https:\/\/adriengontier.com\/","name":"Adrien Gontier, Directeur de la photographie, Chef op\u00e9rateur, Cinematographer, Paris, France","description":"Chef op\u00e9rateur, Directeur de la photographie, Paris, France","publisher":{"@id":"https:\/\/adriengontier.com\/#organization"},"potentialAction":[{"@type":"SearchAction","target":{"@type":"EntryPoint","urlTemplate":"https:\/\/adriengontier.com\/?s={search_term_string}"},"query-input":{"@type":"PropertyValueSpecification","valueRequired":true,"valueName":"search_term_string"}}],"inLanguage":"en-GB"},{"@type":"Organization","@id":"https:\/\/adriengontier.com\/#organization","name":"Adrien Gontier, Directeur de la photographie, Chef op\u00e9rateur, Cinematographer, Dop, Paris, France","url":"https:\/\/adriengontier.com\/","logo":{"@type":"ImageObject","inLanguage":"en-GB","@id":"https:\/\/adriengontier.com\/#\/schema\/logo\/image\/","url":"https:\/\/adriengontier.com\/wp-content\/uploads\/vignette\/cropped-logo-AdrienGontier-2020-601-1.png","contentUrl":"https:\/\/adriengontier.com\/wp-content\/uploads\/vignette\/cropped-logo-AdrienGontier-2020-601-1.png","width":601,"height":172,"caption":"Adrien Gontier, Directeur de la photographie, Chef op\u00e9rateur, Cinematographer, Dop, Paris, France"},"image":{"@id":"https:\/\/adriengontier.com\/#\/schema\/logo\/image\/"},"sameAs":["https:\/\/www.facebook.com\/adriengontierDOP\/","https:\/\/x.com\/adriengo","https:\/\/www.instagram.com\/adriengontier\/","https:\/\/fr.linkedin.com\/in\/adriengo","https:\/\/vimeo.com\/adriengo"]}]}},"_links":{"self":[{"href":"https:\/\/adriengontier.com\/en\/wp-json\/wp\/v2\/pages\/4347","targetHints":{"allow":["GET"]}}],"collection":[{"href":"https:\/\/adriengontier.com\/en\/wp-json\/wp\/v2\/pages"}],"about":[{"href":"https:\/\/adriengontier.com\/en\/wp-json\/wp\/v2\/types\/page"}],"author":[{"embeddable":true,"href":"https:\/\/adriengontier.com\/en\/wp-json\/wp\/v2\/users\/3"}],"replies":[{"embeddable":true,"href":"https:\/\/adriengontier.com\/en\/wp-json\/wp\/v2\/comments?post=4347"}],"version-history":[{"count":0,"href":"https:\/\/adriengontier.com\/en\/wp-json\/wp\/v2\/pages\/4347\/revisions"}],"wp:featuredmedia":[{"embeddable":true,"href":"https:\/\/adriengontier.com\/en\/wp-json\/wp\/v2\/media\/6865"}],"wp:attachment":[{"href":"https:\/\/adriengontier.com\/en\/wp-json\/wp\/v2\/media?parent=4347"}],"curies":[{"name":"wp","href":"https:\/\/api.w.org\/{rel}","templated":true}]}}