{"id":5001,"date":"2017-11-19T17:18:24","date_gmt":"2017-11-19T15:18:24","guid":{"rendered":"https:\/\/adriengontier.com\/?page_id=5001"},"modified":"2020-04-21T13:18:17","modified_gmt":"2020-04-21T11:18:17","slug":"showreel","status":"publish","type":"page","link":"https:\/\/adriengontier.com\/en\/showreel\/","title":{"rendered":"Directeur de la photographie Chef op\u00e9rateur Dop Paris &#8211; SHOWREEL &#8211; DEMO Adrien Gontier"},"content":{"rendered":"\t\t<div data-elementor-type=\"wp-page\" data-elementor-id=\"5001\" class=\"elementor elementor-5001\" data-elementor-post-type=\"page\">\n\t\t\t\t\t\t<section class=\"elementor-section elementor-top-section elementor-element elementor-element-389c770 elementor-section-height-min-height elementor-section-boxed elementor-section-height-default elementor-section-items-middle\" data-id=\"389c770\" data-element_type=\"section\" data-e-type=\"section\" data-settings=\"{&quot;background_background&quot;:&quot;video&quot;,&quot;background_video_link&quot;:&quot;http:\\\/\\\/adriengontier.com\\\/file\\\/_home\\\/Videobackground169.mp4&quot;}\">\n\t\t\t\t\t\t\t\t<div class=\"elementor-background-video-container elementor-hidden-mobile\">\n\t\t\t\t\t\t\t\t\t\t\t\t\t<video class=\"elementor-background-video-hosted\" role=\"presentation\" autoplay muted playsinline loop><\/video>\n\t\t\t\t\t\t\t\t\t\t\t<\/div>\n\t\t\t\t\t\t\t\t\t<div class=\"elementor-background-overlay\"><\/div>\n\t\t\t\t\t\t\t<div class=\"elementor-container elementor-column-gap-no\">\n\t\t\t\t\t<div class=\"elementor-column elementor-col-100 elementor-top-column elementor-element elementor-element-a307f7d\" data-id=\"a307f7d\" data-element_type=\"column\" data-e-type=\"column\">\n\t\t\t<div class=\"elementor-widget-wrap elementor-element-populated\">\n\t\t\t\t\t\t<section class=\"elementor-section elementor-inner-section elementor-element elementor-element-3afbaf2 elementor-section-full_width elementor-section-content-middle elementor-section-height-default elementor-section-height-default\" data-id=\"3afbaf2\" data-element_type=\"section\" data-e-type=\"section\" data-settings=\"{&quot;background_background&quot;:&quot;classic&quot;,&quot;animation&quot;:&quot;none&quot;}\">\n\t\t\t\t\t\t<div class=\"elementor-container elementor-column-gap-no\">\n\t\t\t\t\t<div class=\"elementor-column elementor-col-50 elementor-inner-column elementor-element elementor-element-d377b28\" data-id=\"d377b28\" data-element_type=\"column\" data-e-type=\"column\">\n\t\t\t<div class=\"elementor-widget-wrap elementor-element-populated\">\n\t\t\t\t\t\t<div class=\"elementor-element elementor-element-5313407 animated-slow elementor-widget elementor-widget-heading\" data-id=\"5313407\" data-element_type=\"widget\" data-e-type=\"widget\" data-settings=\"{&quot;_animation&quot;:&quot;none&quot;,&quot;_animation_delay&quot;:1500}\" data-widget_type=\"heading.default\">\n\t\t\t\t<div class=\"elementor-widget-container\">\n\t\t\t\t\t<h2 class=\"elementor-heading-title elementor-size-default\"><span style=\"color:#EE0000\">SH<\/span>owreel<\/h2>\t\t\t\t<\/div>\n\t\t\t\t<\/div>\n\t\t\t\t\t<\/div>\n\t\t<\/div>\n\t\t\t\t<div class=\"elementor-column elementor-col-50 elementor-inner-column elementor-element elementor-element-b0f5dd1\" data-id=\"b0f5dd1\" data-element_type=\"column\" data-e-type=\"column\">\n\t\t\t<div class=\"elementor-widget-wrap elementor-element-populated\">\n\t\t\t\t\t\t<div class=\"elementor-element elementor-element-6ba8e93 elementor-nav-menu__align-end elementor-nav-menu--dropdown-tablet elementor-nav-menu__text-align-aside elementor-nav-menu--toggle elementor-nav-menu--burger elementor-widget elementor-widget-nav-menu\" data-id=\"6ba8e93\" data-element_type=\"widget\" data-e-type=\"widget\" data-settings=\"{&quot;submenu_icon&quot;:{&quot;value&quot;:&quot;&lt;i aria-hidden=\\&quot;true\\&quot; class=\\&quot;\\&quot;&gt;&lt;\\\/i&gt;&quot;,&quot;library&quot;:&quot;&quot;},&quot;layout&quot;:&quot;horizontal&quot;,&quot;toggle&quot;:&quot;burger&quot;}\" data-widget_type=\"nav-menu.default\">\n\t\t\t\t<div class=\"elementor-widget-container\">\n\t\t\t\t\t\t\t\t<nav aria-label=\"Menu\" class=\"elementor-nav-menu--main elementor-nav-menu__container elementor-nav-menu--layout-horizontal e--pointer-none\">\n\t\t\t\t<ul id=\"menu-1-6ba8e93\" class=\"elementor-nav-menu\"><li class=\"menu-item menu-item-type-post_type menu-item-object-page menu-item-8586\"><a href=\"https:\/\/adriengontier.com\/en\/portfolio-commercial\/\" class=\"elementor-item\">Commercial<\/a><\/li>\n<li class=\"menu-item menu-item-type-post_type menu-item-object-page menu-item-8587\"><a href=\"https:\/\/adriengontier.com\/en\/portfolio-music-video\/\" class=\"elementor-item\">Music Video<\/a><\/li>\n<li class=\"menu-item menu-item-type-post_type menu-item-object-page menu-item-8584\"><a href=\"https:\/\/adriengontier.com\/en\/portfolio-fashion-beauty\/\" class=\"elementor-item\">Fashion Beauty<\/a><\/li>\n<li class=\"menu-item menu-item-type-post_type menu-item-object-page menu-item-8585\"><a href=\"https:\/\/adriengontier.com\/en\/portfolio-narrative-directeur-de-la-photographie-chef-operateur-dop-paris-arri-alexa-mini\/\" class=\"elementor-item\">Narrative Film<\/a><\/li>\n<li class=\"menu-item menu-item-type-post_type menu-item-object-page menu-item-8583\"><a href=\"https:\/\/adriengontier.com\/en\/portfolio-foodfilm\/\" class=\"elementor-item\">Food Film<\/a><\/li>\n<li class=\"menu-item menu-item-type-post_type menu-item-object-page menu-item-12073\"><a href=\"https:\/\/adriengontier.com\/en\/directeur-de-la-photographie-chef-operateur-dop-paris-portfolio-live-film\/\" class=\"elementor-item\">Live<\/a><\/li>\n<\/ul>\t\t\t<\/nav>\n\t\t\t\t\t<div class=\"elementor-menu-toggle\" role=\"button\" tabindex=\"0\" aria-label=\"Menu Toggle\" aria-expanded=\"false\">\n\t\t\t<svg aria-hidden=\"true\" role=\"presentation\" class=\"elementor-menu-toggle__icon--open e-font-icon-svg e-eicon-menu-bar\" viewBox=\"0 0 1000 1000\" xmlns=\"http:\/\/www.w3.org\/2000\/svg\"><path d=\"M104 333H896C929 333 958 304 958 271S929 208 896 208H104C71 208 42 237 42 271S71 333 104 333ZM104 583H896C929 583 958 554 958 521S929 458 896 458H104C71 458 42 487 42 521S71 583 104 583ZM104 833H896C929 833 958 804 958 771S929 708 896 708H104C71 708 42 737 42 771S71 833 104 833Z\"><\/path><\/svg><svg aria-hidden=\"true\" role=\"presentation\" class=\"elementor-menu-toggle__icon--close e-font-icon-svg e-eicon-close\" viewBox=\"0 0 1000 1000\" xmlns=\"http:\/\/www.w3.org\/2000\/svg\"><path d=\"M742 167L500 408 258 167C246 154 233 150 217 150 196 150 179 158 167 167 154 179 150 196 150 212 150 229 154 242 171 254L408 500 167 742C138 771 138 800 167 829 196 858 225 858 254 829L496 587 738 829C750 842 767 846 783 846 800 846 817 842 829 829 842 817 846 804 846 783 846 767 842 750 829 737L588 500 833 258C863 229 863 200 833 171 804 137 775 137 742 167Z\"><\/path><\/svg>\t\t<\/div>\n\t\t\t\t\t<nav class=\"elementor-nav-menu--dropdown elementor-nav-menu__container\" aria-hidden=\"true\">\n\t\t\t\t<ul id=\"menu-2-6ba8e93\" class=\"elementor-nav-menu\"><li class=\"menu-item menu-item-type-post_type menu-item-object-page menu-item-8586\"><a href=\"https:\/\/adriengontier.com\/en\/portfolio-commercial\/\" class=\"elementor-item\" tabindex=\"-1\">Commercial<\/a><\/li>\n<li class=\"menu-item menu-item-type-post_type menu-item-object-page menu-item-8587\"><a href=\"https:\/\/adriengontier.com\/en\/portfolio-music-video\/\" class=\"elementor-item\" tabindex=\"-1\">Music Video<\/a><\/li>\n<li class=\"menu-item menu-item-type-post_type menu-item-object-page menu-item-8584\"><a href=\"https:\/\/adriengontier.com\/en\/portfolio-fashion-beauty\/\" class=\"elementor-item\" tabindex=\"-1\">Fashion Beauty<\/a><\/li>\n<li class=\"menu-item menu-item-type-post_type menu-item-object-page menu-item-8585\"><a href=\"https:\/\/adriengontier.com\/en\/portfolio-narrative-directeur-de-la-photographie-chef-operateur-dop-paris-arri-alexa-mini\/\" class=\"elementor-item\" tabindex=\"-1\">Narrative Film<\/a><\/li>\n<li class=\"menu-item menu-item-type-post_type menu-item-object-page menu-item-8583\"><a href=\"https:\/\/adriengontier.com\/en\/portfolio-foodfilm\/\" class=\"elementor-item\" tabindex=\"-1\">Food Film<\/a><\/li>\n<li class=\"menu-item menu-item-type-post_type menu-item-object-page menu-item-12073\"><a href=\"https:\/\/adriengontier.com\/en\/directeur-de-la-photographie-chef-operateur-dop-paris-portfolio-live-film\/\" class=\"elementor-item\" tabindex=\"-1\">Live<\/a><\/li>\n<\/ul>\t\t\t<\/nav>\n\t\t\t\t\t\t<\/div>\n\t\t\t\t<\/div>\n\t\t\t\t\t<\/div>\n\t\t<\/div>\n\t\t\t\t\t<\/div>\n\t\t<\/section>\n\t\t\t\t\t<\/div>\n\t\t<\/div>\n\t\t\t\t\t<\/div>\n\t\t<\/section>\n\t\t\t\t<section class=\"elementor-section elementor-top-section elementor-element elementor-element-f995df8 elementor-section-boxed elementor-section-height-default elementor-section-height-default\" data-id=\"f995df8\" data-element_type=\"section\" data-e-type=\"section\">\n\t\t\t\t\t\t<div class=\"elementor-container elementor-column-gap-default\">\n\t\t\t\t\t<div class=\"elementor-column elementor-col-100 elementor-top-column elementor-element elementor-element-64dbb9f\" data-id=\"64dbb9f\" data-element_type=\"column\" data-e-type=\"column\">\n\t\t\t<div class=\"elementor-widget-wrap elementor-element-populated\">\n\t\t\t\t\t\t<div class=\"elementor-element elementor-element-29b05f6 elementor-widget elementor-widget-html\" data-id=\"29b05f6\" data-element_type=\"widget\" data-e-type=\"widget\" data-widget_type=\"html.default\">\n\t\t\t\t<div class=\"elementor-widget-container\">\n\t\t\t\t\t<script>\n    \n    jQuery(document).ready(function(){\n        \n        jQuery(\".pp-post-thumbnail a\").addClass(\"modal-link\")\n        \n        jQuery(\".pp-post-filter\").click(function(e){\n             jQuery(\".pp-post-thumbnail a\").addClass(\"modal-link\");\n        });\n        \n        jQuery('.pp-posts').on('DOMSubtreeModified',function(event) {\n        \n                jQuery(\".pp-post-thumbnail a\").addClass(\"modal-link\")    \n            \n        });    \n    })\n    \n<\/script>\t\t\t\t<\/div>\n\t\t\t\t<\/div>\n\t\t\t\t\t<\/div>\n\t\t<\/div>\n\t\t\t\t\t<\/div>\n\t\t<\/section>\n\t\t\t\t<section class=\"elementor-section elementor-top-section elementor-element elementor-element-f9b4729 elementor-section-boxed elementor-section-height-default elementor-section-height-default\" data-id=\"f9b4729\" data-element_type=\"section\" data-e-type=\"section\">\n\t\t\t\t\t\t<div class=\"elementor-container elementor-column-gap-default\">\n\t\t\t\t\t<div class=\"elementor-column elementor-col-100 elementor-top-column elementor-element elementor-element-69a3c2f\" data-id=\"69a3c2f\" data-element_type=\"column\" data-e-type=\"column\">\n\t\t\t<div class=\"elementor-widget-wrap elementor-element-populated\">\n\t\t\t\t\t\t<div class=\"elementor-element elementor-element-3cbff1e elementor-widget elementor-widget-html\" data-id=\"3cbff1e\" data-element_type=\"widget\" data-e-type=\"widget\" data-widget_type=\"html.default\">\n\t\t\t\t<div class=\"elementor-widget-container\">\n\t\t\t\t\t<script>\n\n    \/\/ jQuery(\".pp-posts-container\").hide();\n    \n    \/\/ jQuery(\".pp-posts-container\").attr(\"style\", \"visibility: hidden\");\n    \n    jQuery(document).ready(function() {\n        \/\/add each slug for the categories of the portfolio items    \n       var order = [\n    \t\"work\",\n    \t\"commercial\",\n    \t\"music-video\",\n    \t\"featured-film\",\n    \t\"fashion-beauty\",\n    \t\"food-film\",\n    \t\"car-film\"\n\t];\n\n\n\/\/ Hide the All films filter  \njQuery(\".pp-post-filter[data-filter='*']\").hide();\n\n\/\/ do not edit the from here\n\tfor(var i = 0; i < order.length; i++){\n\t\torder[i] = \".\" + order[i].toLowerCase().replace(\/ \/g,'-').replace(\/[^\\w-]+\/g,'').replace(\/-+\/g,'-')\n\t}\n\t\n\t\n\njQuery(\".pp-post-filter\").each(function(index, el){\n\/\/ \t\tconsole.log(order);\n\t\t\n\t\tel = jQuery(el);\n\t\tvar filter = el.attr(\"data-filter\");\n\/\/ \t\tconsole.log(filter)\n\t\tpos = order.indexOf(filter);\n\/\/ \t\tconsole.log(pos)\n\t\tel.attr(\"data-sortby\", pos);\n\n\/\/ \t\tconsole.log(el);\n\t});\n        \n\nvar ul = jQuery(jQuery('ul.pp-post-filters')[0]),\n\t    li = ul.children('li');\n\t    \n\t    \n\t    li.detach().sort(function(a,b) {\n\t        return jQuery(a).data('sortby') - jQuery(b).data('sortby');  \n\t    });\n\t    \n\t    ul.append(li);\n\t    \n});\n\n\n\/\/default to work videos\njQuery(document).ready(function(){\n   \t\n   \tvar see = false;\n    check = setInterval(function() {\n      if (jQuery(\".pp-post-filter[data-filter='.work']\").length && see == false) {\n          clearInterval(check);\n          jQuery(\".pp-post-filter[data-filter='.work']\").first().click(); \n          \n      }\n    }, 100); \/\/ check every 100ms\n    \n    \n    \/\/  checkClick = setInterval(function() {\n    \/\/   if (jQuery(\".pp-post-filter[data-filter='.work']\").hasClass(\"pp-filter-current\")) {\n          \n    \/\/     clearInterval(checkClick);\n          \n    \/\/     jQuery(\".pp-posts-container\").delay(200).attr(\"style\", \"visibility: visible;\");\n          \n    \/\/   }\n    \/\/ }, 100); \/\/ check every 100ms\n    \n   \n});\n\n<\/script>\t\t\t\t<\/div>\n\t\t\t\t<\/div>\n\t\t\t\t\t<\/div>\n\t\t<\/div>\n\t\t\t\t\t<\/div>\n\t\t<\/section>\n\t\t\t\t<\/div>\n\t\t","protected":false},"excerpt":{"rendered":"<p>SHowreel<\/p>","protected":false},"author":3,"featured_media":7350,"parent":0,"menu_order":0,"comment_status":"closed","ping_status":"closed","template":"elementor_header_footer","meta":{"_acf_changed":false,"footnotes":""},"class_list":["post-5001","page","type-page","status-publish","has-post-thumbnail","hentry"],"acf":[],"yoast_head":"<!-- This site is optimized with the Yoast SEO plugin v27.4 - https:\/\/yoast.com\/product\/yoast-seo-wordpress\/ -->\n<title>Directeur de la photographie Chef op\u00e9rateur Dop Paris - SHOWREEL - DEMO Adrien Gontier | Adrien Gontier, Directeur de la photographie, Chef op\u00e9rateur, Cinematographer, Paris, France |<\/title>\n<meta name=\"description\" content=\"Adrien Gontier, Directeur de la photographie, Chef op\u00e9rateur, Cinematographer, Paris, France | Directeur de la photographie Chef op\u00e9rateur Dop Paris - SHOWREEL - DEMO Adrien Gontier showreel\" \/>\n<meta name=\"robots\" content=\"index, follow, max-snippet:-1, max-image-preview:large, max-video-preview:-1\" \/>\n<link rel=\"canonical\" href=\"https:\/\/adriengontier.com\/en\/showreel\/\" \/>\n<meta property=\"og:locale\" content=\"en_GB\" \/>\n<meta property=\"og:type\" content=\"article\" \/>\n<meta property=\"og:title\" content=\"Directeur de la photographie Chef op\u00e9rateur Dop Paris - SHOWREEL - DEMO Adrien Gontier | Adrien Gontier, Directeur de la photographie, Chef op\u00e9rateur, Cinematographer, Paris, France |\" \/>\n<meta property=\"og:description\" content=\"Adrien Gontier, Directeur de la photographie, Chef op\u00e9rateur, Cinematographer, Paris, France | Directeur de la photographie Chef op\u00e9rateur Dop Paris - SHOWREEL - DEMO Adrien Gontier showreel\" \/>\n<meta property=\"og:url\" content=\"https:\/\/adriengontier.com\/en\/showreel\/\" \/>\n<meta property=\"og:site_name\" content=\"Adrien Gontier, Directeur de la photographie, Chef op\u00e9rateur, Cinematographer, Paris, France\" \/>\n<meta property=\"article:publisher\" content=\"https:\/\/www.facebook.com\/adriengontierDOP\/\" \/>\n<meta property=\"article:modified_time\" content=\"2020-04-21T11:18:17+00:00\" \/>\n<meta property=\"og:image\" content=\"https:\/\/adriengontier.com\/wp-content\/uploads\/vignette\/Logo-Adrien-Gontier-Vignette.png\" \/>\n\t<meta property=\"og:image:width\" content=\"1538\" \/>\n\t<meta property=\"og:image:height\" content=\"658\" \/>\n\t<meta property=\"og:image:type\" content=\"image\/png\" \/>\n<meta name=\"twitter:card\" content=\"summary_large_image\" \/>\n<meta name=\"twitter:site\" content=\"@adriengo\" \/>\n<script type=\"application\/ld+json\" class=\"yoast-schema-graph\">{\"@context\":\"https:\\\/\\\/schema.org\",\"@graph\":[{\"@type\":\"WebPage\",\"@id\":\"https:\\\/\\\/adriengontier.com\\\/showreel\\\/\",\"url\":\"https:\\\/\\\/adriengontier.com\\\/showreel\\\/\",\"name\":\"Directeur de la photographie Chef op\u00e9rateur Dop Paris - SHOWREEL - DEMO Adrien Gontier | Adrien Gontier, Directeur de la photographie, Chef op\u00e9rateur, Cinematographer, Paris, France |\",\"isPartOf\":{\"@id\":\"https:\\\/\\\/adriengontier.com\\\/#website\"},\"primaryImageOfPage\":{\"@id\":\"https:\\\/\\\/adriengontier.com\\\/showreel\\\/#primaryimage\"},\"image\":{\"@id\":\"https:\\\/\\\/adriengontier.com\\\/showreel\\\/#primaryimage\"},\"thumbnailUrl\":\"https:\\\/\\\/adriengontier.com\\\/wp-content\\\/uploads\\\/vignette\\\/Logo-Adrien-Gontier-Vignette.png\",\"datePublished\":\"2017-11-19T15:18:24+00:00\",\"dateModified\":\"2020-04-21T11:18:17+00:00\",\"description\":\"Adrien Gontier, Directeur de la photographie, Chef op\u00e9rateur, Cinematographer, Paris, France | Directeur de la photographie Chef op\u00e9rateur Dop Paris - SHOWREEL - DEMO Adrien Gontier showreel\",\"breadcrumb\":{\"@id\":\"https:\\\/\\\/adriengontier.com\\\/showreel\\\/#breadcrumb\"},\"inLanguage\":\"en-GB\",\"potentialAction\":[{\"@type\":\"ReadAction\",\"target\":[\"https:\\\/\\\/adriengontier.com\\\/showreel\\\/\"]}]},{\"@type\":\"ImageObject\",\"inLanguage\":\"en-GB\",\"@id\":\"https:\\\/\\\/adriengontier.com\\\/showreel\\\/#primaryimage\",\"url\":\"https:\\\/\\\/adriengontier.com\\\/wp-content\\\/uploads\\\/vignette\\\/Logo-Adrien-Gontier-Vignette.png\",\"contentUrl\":\"https:\\\/\\\/adriengontier.com\\\/wp-content\\\/uploads\\\/vignette\\\/Logo-Adrien-Gontier-Vignette.png\",\"width\":1538,\"height\":658,\"caption\":\"Chef op\u00e9rateur \u00e9quip\u00e9 Paris Directeur de la photographie - Mat\u00e9riel\"},{\"@type\":\"BreadcrumbList\",\"@id\":\"https:\\\/\\\/adriengontier.com\\\/showreel\\\/#breadcrumb\",\"itemListElement\":[{\"@type\":\"ListItem\",\"position\":1,\"name\":\"Home\",\"item\":\"https:\\\/\\\/adriengontier.com\\\/\"},{\"@type\":\"ListItem\",\"position\":2,\"name\":\"Directeur de la photographie Chef op\u00e9rateur Dop Paris &#8211; SHOWREEL &#8211; DEMO Adrien Gontier\"}]},{\"@type\":\"WebSite\",\"@id\":\"https:\\\/\\\/adriengontier.com\\\/#website\",\"url\":\"https:\\\/\\\/adriengontier.com\\\/\",\"name\":\"Adrien Gontier, Directeur de la photographie, Chef op\u00e9rateur, Cinematographer, Paris, France\",\"description\":\"Chef op\u00e9rateur, Directeur de la photographie, Paris, France\",\"publisher\":{\"@id\":\"https:\\\/\\\/adriengontier.com\\\/#organization\"},\"potentialAction\":[{\"@type\":\"SearchAction\",\"target\":{\"@type\":\"EntryPoint\",\"urlTemplate\":\"https:\\\/\\\/adriengontier.com\\\/?s={search_term_string}\"},\"query-input\":{\"@type\":\"PropertyValueSpecification\",\"valueRequired\":true,\"valueName\":\"search_term_string\"}}],\"inLanguage\":\"en-GB\"},{\"@type\":\"Organization\",\"@id\":\"https:\\\/\\\/adriengontier.com\\\/#organization\",\"name\":\"Adrien Gontier, Directeur de la photographie, Chef op\u00e9rateur, Cinematographer, Dop, Paris, France\",\"url\":\"https:\\\/\\\/adriengontier.com\\\/\",\"logo\":{\"@type\":\"ImageObject\",\"inLanguage\":\"en-GB\",\"@id\":\"https:\\\/\\\/adriengontier.com\\\/#\\\/schema\\\/logo\\\/image\\\/\",\"url\":\"https:\\\/\\\/adriengontier.com\\\/wp-content\\\/uploads\\\/vignette\\\/cropped-logo-AdrienGontier-2020-601-1.png\",\"contentUrl\":\"https:\\\/\\\/adriengontier.com\\\/wp-content\\\/uploads\\\/vignette\\\/cropped-logo-AdrienGontier-2020-601-1.png\",\"width\":601,\"height\":172,\"caption\":\"Adrien Gontier, Directeur de la photographie, Chef op\u00e9rateur, Cinematographer, Dop, Paris, France\"},\"image\":{\"@id\":\"https:\\\/\\\/adriengontier.com\\\/#\\\/schema\\\/logo\\\/image\\\/\"},\"sameAs\":[\"https:\\\/\\\/www.facebook.com\\\/adriengontierDOP\\\/\",\"https:\\\/\\\/x.com\\\/adriengo\",\"https:\\\/\\\/www.instagram.com\\\/adriengontier\\\/\",\"https:\\\/\\\/fr.linkedin.com\\\/in\\\/adriengo\",\"https:\\\/\\\/vimeo.com\\\/adriengo\"]}]}<\/script>\n<!-- \/ Yoast SEO plugin. -->","yoast_head_json":{"title":"Directeur de la photographie Chef op\u00e9rateur Dop Paris - SHOWREEL - DEMO Adrien Gontier | Adrien Gontier, Directeur de la photographie, Chef op\u00e9rateur, Cinematographer, Paris, France |","description":"Adrien Gontier, Directeur de la photographie, Chef op\u00e9rateur, Cinematographer, Paris, France | Directeur de la photographie Chef op\u00e9rateur Dop Paris - SHOWREEL - DEMO Adrien Gontier showreel","robots":{"index":"index","follow":"follow","max-snippet":"max-snippet:-1","max-image-preview":"max-image-preview:large","max-video-preview":"max-video-preview:-1"},"canonical":"https:\/\/adriengontier.com\/en\/showreel\/","og_locale":"en_GB","og_type":"article","og_title":"Directeur de la photographie Chef op\u00e9rateur Dop Paris - SHOWREEL - DEMO Adrien Gontier | Adrien Gontier, Directeur de la photographie, Chef op\u00e9rateur, Cinematographer, Paris, France |","og_description":"Adrien Gontier, Directeur de la photographie, Chef op\u00e9rateur, Cinematographer, Paris, France | Directeur de la photographie Chef op\u00e9rateur Dop Paris - SHOWREEL - DEMO Adrien Gontier showreel","og_url":"https:\/\/adriengontier.com\/en\/showreel\/","og_site_name":"Adrien Gontier, Directeur de la photographie, Chef op\u00e9rateur, Cinematographer, Paris, France","article_publisher":"https:\/\/www.facebook.com\/adriengontierDOP\/","article_modified_time":"2020-04-21T11:18:17+00:00","og_image":[{"width":1538,"height":658,"url":"https:\/\/adriengontier.com\/wp-content\/uploads\/vignette\/Logo-Adrien-Gontier-Vignette.png","type":"image\/png"}],"twitter_card":"summary_large_image","twitter_site":"@adriengo","schema":{"@context":"https:\/\/schema.org","@graph":[{"@type":"WebPage","@id":"https:\/\/adriengontier.com\/showreel\/","url":"https:\/\/adriengontier.com\/showreel\/","name":"Directeur de la photographie Chef op\u00e9rateur Dop Paris - SHOWREEL - DEMO Adrien Gontier | Adrien Gontier, Directeur de la photographie, Chef op\u00e9rateur, Cinematographer, Paris, France |","isPartOf":{"@id":"https:\/\/adriengontier.com\/#website"},"primaryImageOfPage":{"@id":"https:\/\/adriengontier.com\/showreel\/#primaryimage"},"image":{"@id":"https:\/\/adriengontier.com\/showreel\/#primaryimage"},"thumbnailUrl":"https:\/\/adriengontier.com\/wp-content\/uploads\/vignette\/Logo-Adrien-Gontier-Vignette.png","datePublished":"2017-11-19T15:18:24+00:00","dateModified":"2020-04-21T11:18:17+00:00","description":"Adrien Gontier, Directeur de la photographie, Chef op\u00e9rateur, Cinematographer, Paris, France | Directeur de la photographie Chef op\u00e9rateur Dop Paris - SHOWREEL - DEMO Adrien Gontier showreel","breadcrumb":{"@id":"https:\/\/adriengontier.com\/showreel\/#breadcrumb"},"inLanguage":"en-GB","potentialAction":[{"@type":"ReadAction","target":["https:\/\/adriengontier.com\/showreel\/"]}]},{"@type":"ImageObject","inLanguage":"en-GB","@id":"https:\/\/adriengontier.com\/showreel\/#primaryimage","url":"https:\/\/adriengontier.com\/wp-content\/uploads\/vignette\/Logo-Adrien-Gontier-Vignette.png","contentUrl":"https:\/\/adriengontier.com\/wp-content\/uploads\/vignette\/Logo-Adrien-Gontier-Vignette.png","width":1538,"height":658,"caption":"Chef op\u00e9rateur \u00e9quip\u00e9 Paris Directeur de la photographie - Mat\u00e9riel"},{"@type":"BreadcrumbList","@id":"https:\/\/adriengontier.com\/showreel\/#breadcrumb","itemListElement":[{"@type":"ListItem","position":1,"name":"Home","item":"https:\/\/adriengontier.com\/"},{"@type":"ListItem","position":2,"name":"Directeur de la photographie Chef op\u00e9rateur Dop Paris &#8211; SHOWREEL &#8211; DEMO Adrien Gontier"}]},{"@type":"WebSite","@id":"https:\/\/adriengontier.com\/#website","url":"https:\/\/adriengontier.com\/","name":"Adrien Gontier, Directeur de la photographie, Chef op\u00e9rateur, Cinematographer, Paris, France","description":"Chef op\u00e9rateur, Directeur de la photographie, Paris, France","publisher":{"@id":"https:\/\/adriengontier.com\/#organization"},"potentialAction":[{"@type":"SearchAction","target":{"@type":"EntryPoint","urlTemplate":"https:\/\/adriengontier.com\/?s={search_term_string}"},"query-input":{"@type":"PropertyValueSpecification","valueRequired":true,"valueName":"search_term_string"}}],"inLanguage":"en-GB"},{"@type":"Organization","@id":"https:\/\/adriengontier.com\/#organization","name":"Adrien Gontier, Directeur de la photographie, Chef op\u00e9rateur, Cinematographer, Dop, Paris, France","url":"https:\/\/adriengontier.com\/","logo":{"@type":"ImageObject","inLanguage":"en-GB","@id":"https:\/\/adriengontier.com\/#\/schema\/logo\/image\/","url":"https:\/\/adriengontier.com\/wp-content\/uploads\/vignette\/cropped-logo-AdrienGontier-2020-601-1.png","contentUrl":"https:\/\/adriengontier.com\/wp-content\/uploads\/vignette\/cropped-logo-AdrienGontier-2020-601-1.png","width":601,"height":172,"caption":"Adrien Gontier, Directeur de la photographie, Chef op\u00e9rateur, Cinematographer, Dop, Paris, France"},"image":{"@id":"https:\/\/adriengontier.com\/#\/schema\/logo\/image\/"},"sameAs":["https:\/\/www.facebook.com\/adriengontierDOP\/","https:\/\/x.com\/adriengo","https:\/\/www.instagram.com\/adriengontier\/","https:\/\/fr.linkedin.com\/in\/adriengo","https:\/\/vimeo.com\/adriengo"]}]}},"_links":{"self":[{"href":"https:\/\/adriengontier.com\/en\/wp-json\/wp\/v2\/pages\/5001","targetHints":{"allow":["GET"]}}],"collection":[{"href":"https:\/\/adriengontier.com\/en\/wp-json\/wp\/v2\/pages"}],"about":[{"href":"https:\/\/adriengontier.com\/en\/wp-json\/wp\/v2\/types\/page"}],"author":[{"embeddable":true,"href":"https:\/\/adriengontier.com\/en\/wp-json\/wp\/v2\/users\/3"}],"replies":[{"embeddable":true,"href":"https:\/\/adriengontier.com\/en\/wp-json\/wp\/v2\/comments?post=5001"}],"version-history":[{"count":8,"href":"https:\/\/adriengontier.com\/en\/wp-json\/wp\/v2\/pages\/5001\/revisions"}],"predecessor-version":[{"id":10993,"href":"https:\/\/adriengontier.com\/en\/wp-json\/wp\/v2\/pages\/5001\/revisions\/10993"}],"wp:featuredmedia":[{"embeddable":true,"href":"https:\/\/adriengontier.com\/en\/wp-json\/wp\/v2\/media\/7350"}],"wp:attachment":[{"href":"https:\/\/adriengontier.com\/en\/wp-json\/wp\/v2\/media?parent=5001"}],"curies":[{"name":"wp","href":"https:\/\/api.w.org\/{rel}","templated":true}]}}