{"id":5151,"date":"2018-05-06T15:49:17","date_gmt":"2018-05-06T13:49:17","guid":{"rendered":"https:\/\/adriengontier.com\/?page_id=5151"},"modified":"2020-04-21T14:33:57","modified_gmt":"2020-04-21T12:33:57","slug":"clients","status":"publish","type":"page","link":"https:\/\/adriengontier.com\/en\/clients\/","title":{"rendered":"CLIENTS"},"content":{"rendered":"<div data-elementor-type=\"wp-page\" data-elementor-id=\"5151\" class=\"elementor elementor-5151\" data-elementor-post-type=\"page\">\n\t\t\t\t\t\t<section class=\"elementor-section elementor-top-section elementor-element elementor-element-7916dada elementor-section-boxed elementor-section-height-default elementor-section-height-default\" data-id=\"7916dada\" data-element_type=\"section\" data-e-type=\"section\">\n\t\t\t\t\t\t<div class=\"elementor-container elementor-column-gap-default\">\n\t\t\t\t\t<div class=\"elementor-column elementor-col-50 elementor-top-column elementor-element elementor-element-21101889\" data-id=\"21101889\" data-element_type=\"column\" data-e-type=\"column\">\n\t\t\t<div class=\"elementor-widget-wrap elementor-element-populated\">\n\t\t\t\t\t\t<div class=\"elementor-element elementor-element-5bd6bb8 elementor-widget elementor-widget-image\" data-id=\"5bd6bb8\" data-element_type=\"widget\" data-e-type=\"widget\" data-widget_type=\"image.default\">\n\t\t\t\t<div class=\"elementor-widget-container\">\n\t\t\t\t\t\t\t\t\t\t\t\t\t\t\t<img fetchpriority=\"high\" decoding=\"async\" width=\"687\" height=\"408\" src=\"https:\/\/adriengontier.com\/wp-content\/uploads\/vignette\/Capture-d\u2019\u00e9cran-2018-05-09-\u00e0-00.07.22-914x543.png\" class=\"attachment-large size-large wp-image-5292\" alt=\"Chef op\u00e9rateur \u00e9quip\u00e9 Paris Directeur de la photographie - Mat\u00e9riel\" srcset=\"https:\/\/adriengontier.com\/wp-content\/uploads\/vignette\/Capture-d\u2019\u00e9cran-2018-05-09-\u00e0-00.07.22-914x543.png 914w, https:\/\/adriengontier.com\/wp-content\/uploads\/vignette\/Capture-d\u2019\u00e9cran-2018-05-09-\u00e0-00.07.22-448x266.png 448w, https:\/\/adriengontier.com\/wp-content\/uploads\/vignette\/Capture-d\u2019\u00e9cran-2018-05-09-\u00e0-00.07.22-768x456.png 768w, https:\/\/adriengontier.com\/wp-content\/uploads\/vignette\/Capture-d\u2019\u00e9cran-2018-05-09-\u00e0-00.07.22-600x356.png 600w, https:\/\/adriengontier.com\/wp-content\/uploads\/vignette\/Capture-d\u2019\u00e9cran-2018-05-09-\u00e0-00.07.22-400x238.png 400w, https:\/\/adriengontier.com\/wp-content\/uploads\/vignette\/Capture-d\u2019\u00e9cran-2018-05-09-\u00e0-00.07.22-210x125.png 210w, https:\/\/adriengontier.com\/wp-content\/uploads\/vignette\/Capture-d\u2019\u00e9cran-2018-05-09-\u00e0-00.07.22.png 1020w\" sizes=\"(max-width: 687px) 100vw, 687px\" \/>\t\t\t\t\t\t\t\t\t\t\t\t\t\t\t<\/div>\n\t\t\t\t<\/div>\n\t\t\t\t\t<\/div>\n\t\t<\/div>\n\t\t\t\t<div class=\"elementor-column elementor-col-50 elementor-top-column elementor-element elementor-element-22369d4\" data-id=\"22369d4\" data-element_type=\"column\" data-e-type=\"column\">\n\t\t\t<div class=\"elementor-widget-wrap elementor-element-populated\">\n\t\t\t\t\t\t<div class=\"elementor-element elementor-element-9881761 elementor-widget elementor-widget-image\" data-id=\"9881761\" data-element_type=\"widget\" data-e-type=\"widget\" data-widget_type=\"image.default\">\n\t\t\t\t<div class=\"elementor-widget-container\">\n\t\t\t\t\t\t\t\t\t\t\t\t\t\t\t\t<a href=\"tel:0615715422\">\n\t\t\t\t\t\t\t<img decoding=\"async\" width=\"367\" height=\"408\" src=\"https:\/\/adriengontier.com\/wp-content\/uploads\/vignette\/Capture-d\u2019\u00e9cran-2018-05-25-\u00e0-13.18.59-489x543.png\" class=\"attachment-large size-large wp-image-5291\" alt=\"\" srcset=\"https:\/\/adriengontier.com\/wp-content\/uploads\/vignette\/Capture-d\u2019\u00e9cran-2018-05-25-\u00e0-13.18.59-489x543.png 489w, https:\/\/adriengontier.com\/wp-content\/uploads\/vignette\/Capture-d\u2019\u00e9cran-2018-05-25-\u00e0-13.18.59-240x266.png 240w, https:\/\/adriengontier.com\/wp-content\/uploads\/vignette\/Capture-d\u2019\u00e9cran-2018-05-25-\u00e0-13.18.59-768x852.png 768w, https:\/\/adriengontier.com\/wp-content\/uploads\/vignette\/Capture-d\u2019\u00e9cran-2018-05-25-\u00e0-13.18.59-600x666.png 600w, https:\/\/adriengontier.com\/wp-content\/uploads\/vignette\/Capture-d\u2019\u00e9cran-2018-05-25-\u00e0-13.18.59-400x444.png 400w, https:\/\/adriengontier.com\/wp-content\/uploads\/vignette\/Capture-d\u2019\u00e9cran-2018-05-25-\u00e0-13.18.59-210x233.png 210w, https:\/\/adriengontier.com\/wp-content\/uploads\/vignette\/Capture-d\u2019\u00e9cran-2018-05-25-\u00e0-13.18.59.png 802w\" sizes=\"(max-width: 367px) 100vw, 367px\" \/>\t\t\t\t\t\t\t\t<\/a>\n\t\t\t\t\t\t\t\t\t\t\t\t\t\t\t<\/div>\n\t\t\t\t<\/div>\n\t\t\t\t\t<\/div>\n\t\t<\/div>\n\t\t\t\t\t<\/div>\n\t\t<\/section>\n\t\t\t\t<section class=\"elementor-section elementor-top-section elementor-element elementor-element-1f0a5eb elementor-section-boxed elementor-section-height-default elementor-section-height-default\" data-id=\"1f0a5eb\" data-element_type=\"section\" data-e-type=\"section\">\n\t\t\t\t\t\t<div class=\"elementor-container elementor-column-gap-default\">\n\t\t\t\t\t<div class=\"elementor-column elementor-col-100 elementor-top-column elementor-element elementor-element-6586d94\" data-id=\"6586d94\" data-element_type=\"column\" data-e-type=\"column\">\n\t\t\t<div class=\"elementor-widget-wrap elementor-element-populated\">\n\t\t\t\t\t\t<div class=\"elementor-element elementor-element-fd45947 elementor-widget-divider--view-line elementor-widget elementor-widget-divider\" data-id=\"fd45947\" data-element_type=\"widget\" data-e-type=\"widget\" data-widget_type=\"divider.default\">\n\t\t\t\t<div class=\"elementor-widget-container\">\n\t\t\t\t\t\t\t<div class=\"elementor-divider\">\n\t\t\t<span class=\"elementor-divider-separator\">\n\t\t\t\t\t\t<\/span>\n\t\t<\/div>\n\t\t\t\t\t\t<\/div>\n\t\t\t\t<\/div>\n\t\t\t\t<div class=\"elementor-element elementor-element-da7fec5 animated-slow elementor-widget elementor-widget-heading\" data-id=\"da7fec5\" data-element_type=\"widget\" data-e-type=\"widget\" data-settings=\"{&quot;_animation&quot;:&quot;none&quot;,&quot;_animation_delay&quot;:1500}\" data-widget_type=\"heading.default\">\n\t\t\t\t<div class=\"elementor-widget-container\">\n\t\t\t\t\t<h2 class=\"elementor-heading-title elementor-size-default\">CLIENTS<\/h2>\t\t\t\t<\/div>\n\t\t\t\t<\/div>\n\t\t\t\t<div class=\"elementor-element elementor-element-61bd8a0 elementor-widget elementor-widget-text-editor\" data-id=\"61bd8a0\" data-element_type=\"widget\" data-e-type=\"widget\" data-widget_type=\"text-editor.default\">\n\t\t\t\t<div class=\"elementor-widget-container\">\n\t\t\t\t\t\t\t\t\t<h5><span style=\"font-size: 1rem;\">Lifizz &#8211; Disney &#8211; Metaxa &#8211; BHS &#8211; Renault &#8211; Lexus &#8211; Mercedes &#8211; Connetable &#8211; Uniclo &#8211; Credit Agricole &#8211; Universal Music &#8211; Marie de Paris &#8211; Ermewa &#8211; Chanel &#8211; Nina Ricci &#8211; Volvo &#8211;&nbsp;Olives d&rsquo;Espagne &#8211; Cryobeauty- &nbsp;Aptar &#8211; Goodmanners &#8211; Japan Rags &#8211; Le temps des cerises &#8211; Fondation ARC &#8211; Plastic Omnium &#8211; Kolibree &#8211; Ector &#8211; VolksWagen &#8211; Dreamcruise &#8211; Vente priv\u00e9e &#8211; Oui business &#8211;&nbsp;Syngenta &#8211; Les Aprentis d&rsquo;Auteuil &#8211; Les fromages AOP &#8211; Carrefour &#8211; Chanzy &#8211; BNP- BNP real estate&nbsp;&#8211; Banque populaire &#8211; Stootie &#8211; DXO &#8211; Ford &#8211; Gold and Silver &#8211; Val\u00e9o &#8211; Happn &#8211; BMW Motorrad &#8211; Vibrations &#8211; D\u00e9lifrance &#8211; Fromage de suisse &#8211; Samsung &#8211; Montfort &#8211; Prism &#8211; Mastrad &#8211; Seat &#8211; Decathlon &#8211; Meesha &#8211; LVMH &#8211; Elle &#8211; Orion Sant\u00e9 &#8211; Var &#8211; Jwell &#8211; Bic &#8211; Ingenico &#8211; Lexus &#8230;<\/span><br \/><\/h5>\t\t\t\t\t\t\t\t<\/div>\n\t\t\t\t<\/div>\n\t\t\t\t<div class=\"elementor-element elementor-element-aec73e3 animated-slow elementor-widget elementor-widget-heading\" data-id=\"aec73e3\" data-element_type=\"widget\" data-e-type=\"widget\" data-settings=\"{&quot;_animation&quot;:&quot;none&quot;,&quot;_animation_delay&quot;:1500}\" data-widget_type=\"heading.default\">\n\t\t\t\t<div class=\"elementor-widget-container\">\n\t\t\t\t\t<h2 class=\"elementor-heading-title elementor-size-default\">Diffuseurs<\/h2>\t\t\t\t<\/div>\n\t\t\t\t<\/div>\n\t\t\t\t<div class=\"elementor-element elementor-element-30bf091 elementor-widget elementor-widget-text-editor\" data-id=\"30bf091\" data-element_type=\"widget\" data-e-type=\"widget\" data-widget_type=\"text-editor.default\">\n\t\t\t\t<div class=\"elementor-widget-container\">\n\t\t\t\t\t\t\t\t\t<h5><span style=\"font-size: 1rem;\">Netflix &#8211; Amazon Prime &#8211; Disney Chanel &nbsp;&#8211; Canal + &#8211; Ushuaia &#8211; France T\u00e9l\u00e9vision &#8211; Mezzo &#8211; Studio Bagel &#8211; Google &#8211; HBO &#8211; World Fashion TV &#8211; C8&#8230;<\/span><br \/><\/h5>\n<p><\/p>\t\t\t\t\t\t\t\t<\/div>\n\t\t\t\t<\/div>\n\t\t\t\t<div class=\"elementor-element elementor-element-ea6428b animated-slow elementor-widget elementor-widget-heading\" data-id=\"ea6428b\" data-element_type=\"widget\" data-e-type=\"widget\" data-settings=\"{&quot;_animation&quot;:&quot;none&quot;,&quot;_animation_delay&quot;:1500}\" data-widget_type=\"heading.default\">\n\t\t\t\t<div class=\"elementor-widget-container\">\n\t\t\t\t\t<h2 class=\"elementor-heading-title elementor-size-default\">Agences<\/h2>\t\t\t\t<\/div>\n\t\t\t\t<\/div>\n\t\t\t\t<div class=\"elementor-element elementor-element-3aa8f8e elementor-widget elementor-widget-text-editor\" data-id=\"3aa8f8e\" data-element_type=\"widget\" data-e-type=\"widget\" data-widget_type=\"text-editor.default\">\n\t\t\t\t<div class=\"elementor-widget-container\">\n\t\t\t\t\t\t\t\t\t<p>Publicis &#8211; Yards &#8211; les gros mots &#8230;<\/p>\t\t\t\t\t\t\t\t<\/div>\n\t\t\t\t<\/div>\n\t\t\t\t<div class=\"elementor-element elementor-element-bb6c6a1 elementor-widget-divider--view-line elementor-widget elementor-widget-divider\" data-id=\"bb6c6a1\" data-element_type=\"widget\" data-e-type=\"widget\" data-widget_type=\"divider.default\">\n\t\t\t\t<div class=\"elementor-widget-container\">\n\t\t\t\t\t\t\t<div class=\"elementor-divider\">\n\t\t\t<span class=\"elementor-divider-separator\">\n\t\t\t\t\t\t<\/span>\n\t\t<\/div>\n\t\t\t\t\t\t<\/div>\n\t\t\t\t<\/div>\n\t\t\t\t\t<\/div>\n\t\t<\/div>\n\t\t\t\t\t<\/div>\n\t\t<\/section>\n\t\t\t\t<\/div>","protected":false},"excerpt":{"rendered":"<p>CLIENTS Lifizz &#8211; Disney &#8211; Metaxa &#8211; BHS &#8211; Renault &#8211; Lexus &#8211; Mercedes &#8211; Connetable &#8211; Uniclo &#8211; Credit Agricole &#8211; Universal Music &#8211; Marie de Paris &#8211; Ermewa &#8211; Chanel &#8211; Nina Ricci &#8211; Volvo &#8211;&nbsp;Olives d&rsquo;Espagne &#8211; Cryobeauty- &nbsp;Aptar &#8211; Goodmanners &#8211; Japan Rags &#8211; Le temps des cerises &#8211; Fondation ARC [&hellip;]<\/p>\n","protected":false},"author":3,"featured_media":7349,"parent":0,"menu_order":0,"comment_status":"closed","ping_status":"closed","template":"","meta":{"_acf_changed":false,"footnotes":""},"class_list":["post-5151","page","type-page","status-publish","has-post-thumbnail","hentry"],"acf":[],"yoast_head":"<!-- This site is optimized with the Yoast SEO plugin v27.4 - https:\/\/yoast.com\/product\/yoast-seo-wordpress\/ -->\n<title>CLIENTS | Adrien Gontier, Directeur de la photographie, Chef op\u00e9rateur, Cinematographer, Paris, France |<\/title>\n<meta name=\"description\" content=\"Adrien Gontier, Directeur de la photographie, Chef op\u00e9rateur, Cinematographer, Paris, France | CLIENTS | adriengontier.com\" \/>\n<meta name=\"robots\" content=\"index, follow, max-snippet:-1, max-image-preview:large, max-video-preview:-1\" \/>\n<link rel=\"canonical\" href=\"https:\/\/adriengontier.com\/en\/clients\/\" \/>\n<meta property=\"og:locale\" content=\"en_GB\" \/>\n<meta property=\"og:type\" content=\"article\" \/>\n<meta property=\"og:title\" content=\"CLIENTS | Adrien Gontier, Directeur de la photographie, Chef op\u00e9rateur, Cinematographer, Paris, France |\" \/>\n<meta property=\"og:description\" content=\"Adrien Gontier, Directeur de la photographie, Chef op\u00e9rateur, Cinematographer, Paris, France | CLIENTS | adriengontier.com\" \/>\n<meta property=\"og:url\" content=\"https:\/\/adriengontier.com\/en\/clients\/\" \/>\n<meta property=\"og:site_name\" content=\"Adrien Gontier, Directeur de la photographie, Chef op\u00e9rateur, Cinematographer, Paris, France\" \/>\n<meta property=\"article:publisher\" content=\"https:\/\/www.facebook.com\/adriengontierDOP\/\" \/>\n<meta property=\"article:modified_time\" content=\"2020-04-21T12:33:57+00:00\" \/>\n<meta property=\"og:image\" content=\"https:\/\/adriengontier.com\/wp-content\/uploads\/vignette\/Logo-Adrien-Gontier-Vignette-nosub.png\" \/>\n\t<meta property=\"og:image:width\" content=\"1540\" \/>\n\t<meta property=\"og:image:height\" content=\"661\" \/>\n\t<meta property=\"og:image:type\" content=\"image\/png\" \/>\n<meta name=\"twitter:card\" content=\"summary_large_image\" \/>\n<meta name=\"twitter:site\" content=\"@adriengo\" \/>\n<meta name=\"twitter:label1\" content=\"Estimated reading time\" \/>\n\t<meta name=\"twitter:data1\" content=\"1 minute\" \/>\n<script type=\"application\/ld+json\" class=\"yoast-schema-graph\">{\"@context\":\"https:\\\/\\\/schema.org\",\"@graph\":[{\"@type\":\"WebPage\",\"@id\":\"https:\\\/\\\/adriengontier.com\\\/clients\\\/\",\"url\":\"https:\\\/\\\/adriengontier.com\\\/clients\\\/\",\"name\":\"CLIENTS | Adrien Gontier, Directeur de la photographie, Chef op\u00e9rateur, Cinematographer, Paris, France |\",\"isPartOf\":{\"@id\":\"https:\\\/\\\/adriengontier.com\\\/#website\"},\"primaryImageOfPage\":{\"@id\":\"https:\\\/\\\/adriengontier.com\\\/clients\\\/#primaryimage\"},\"image\":{\"@id\":\"https:\\\/\\\/adriengontier.com\\\/clients\\\/#primaryimage\"},\"thumbnailUrl\":\"https:\\\/\\\/adriengontier.com\\\/wp-content\\\/uploads\\\/vignette\\\/Logo-Adrien-Gontier-Vignette-nosub.png\",\"datePublished\":\"2018-05-06T13:49:17+00:00\",\"dateModified\":\"2020-04-21T12:33:57+00:00\",\"description\":\"Adrien Gontier, Directeur de la photographie, Chef op\u00e9rateur, Cinematographer, Paris, France | CLIENTS | adriengontier.com\",\"breadcrumb\":{\"@id\":\"https:\\\/\\\/adriengontier.com\\\/clients\\\/#breadcrumb\"},\"inLanguage\":\"en-GB\",\"potentialAction\":[{\"@type\":\"ReadAction\",\"target\":[\"https:\\\/\\\/adriengontier.com\\\/clients\\\/\"]}]},{\"@type\":\"ImageObject\",\"inLanguage\":\"en-GB\",\"@id\":\"https:\\\/\\\/adriengontier.com\\\/clients\\\/#primaryimage\",\"url\":\"https:\\\/\\\/adriengontier.com\\\/wp-content\\\/uploads\\\/vignette\\\/Logo-Adrien-Gontier-Vignette-nosub.png\",\"contentUrl\":\"https:\\\/\\\/adriengontier.com\\\/wp-content\\\/uploads\\\/vignette\\\/Logo-Adrien-Gontier-Vignette-nosub.png\",\"width\":1540,\"height\":661,\"caption\":\"Chef op\u00e9rateur \u00e9quip\u00e9 Paris Directeur de la photographie - Mat\u00e9riel\"},{\"@type\":\"BreadcrumbList\",\"@id\":\"https:\\\/\\\/adriengontier.com\\\/clients\\\/#breadcrumb\",\"itemListElement\":[{\"@type\":\"ListItem\",\"position\":1,\"name\":\"Home\",\"item\":\"https:\\\/\\\/adriengontier.com\\\/\"},{\"@type\":\"ListItem\",\"position\":2,\"name\":\"CLIENTS\"}]},{\"@type\":\"WebSite\",\"@id\":\"https:\\\/\\\/adriengontier.com\\\/#website\",\"url\":\"https:\\\/\\\/adriengontier.com\\\/\",\"name\":\"Adrien Gontier, Directeur de la photographie, Chef op\u00e9rateur, Cinematographer, Paris, France\",\"description\":\"Chef op\u00e9rateur, Directeur de la photographie, Paris, France\",\"publisher\":{\"@id\":\"https:\\\/\\\/adriengontier.com\\\/#organization\"},\"potentialAction\":[{\"@type\":\"SearchAction\",\"target\":{\"@type\":\"EntryPoint\",\"urlTemplate\":\"https:\\\/\\\/adriengontier.com\\\/?s={search_term_string}\"},\"query-input\":{\"@type\":\"PropertyValueSpecification\",\"valueRequired\":true,\"valueName\":\"search_term_string\"}}],\"inLanguage\":\"en-GB\"},{\"@type\":\"Organization\",\"@id\":\"https:\\\/\\\/adriengontier.com\\\/#organization\",\"name\":\"Adrien Gontier, Directeur de la photographie, Chef op\u00e9rateur, Cinematographer, Dop, Paris, France\",\"url\":\"https:\\\/\\\/adriengontier.com\\\/\",\"logo\":{\"@type\":\"ImageObject\",\"inLanguage\":\"en-GB\",\"@id\":\"https:\\\/\\\/adriengontier.com\\\/#\\\/schema\\\/logo\\\/image\\\/\",\"url\":\"https:\\\/\\\/adriengontier.com\\\/wp-content\\\/uploads\\\/vignette\\\/cropped-logo-AdrienGontier-2020-601-1.png\",\"contentUrl\":\"https:\\\/\\\/adriengontier.com\\\/wp-content\\\/uploads\\\/vignette\\\/cropped-logo-AdrienGontier-2020-601-1.png\",\"width\":601,\"height\":172,\"caption\":\"Adrien Gontier, Directeur de la photographie, Chef op\u00e9rateur, Cinematographer, Dop, Paris, France\"},\"image\":{\"@id\":\"https:\\\/\\\/adriengontier.com\\\/#\\\/schema\\\/logo\\\/image\\\/\"},\"sameAs\":[\"https:\\\/\\\/www.facebook.com\\\/adriengontierDOP\\\/\",\"https:\\\/\\\/x.com\\\/adriengo\",\"https:\\\/\\\/www.instagram.com\\\/adriengontier\\\/\",\"https:\\\/\\\/fr.linkedin.com\\\/in\\\/adriengo\",\"https:\\\/\\\/vimeo.com\\\/adriengo\"]}]}<\/script>\n<!-- \/ Yoast SEO plugin. -->","yoast_head_json":{"title":"CLIENTS | Adrien Gontier, Directeur de la photographie, Chef op\u00e9rateur, Cinematographer, Paris, France |","description":"Adrien Gontier, Directeur de la photographie, Chef op\u00e9rateur, Cinematographer, Paris, France | CLIENTS | adriengontier.com","robots":{"index":"index","follow":"follow","max-snippet":"max-snippet:-1","max-image-preview":"max-image-preview:large","max-video-preview":"max-video-preview:-1"},"canonical":"https:\/\/adriengontier.com\/en\/clients\/","og_locale":"en_GB","og_type":"article","og_title":"CLIENTS | Adrien Gontier, Directeur de la photographie, Chef op\u00e9rateur, Cinematographer, Paris, France |","og_description":"Adrien Gontier, Directeur de la photographie, Chef op\u00e9rateur, Cinematographer, Paris, France | CLIENTS | adriengontier.com","og_url":"https:\/\/adriengontier.com\/en\/clients\/","og_site_name":"Adrien Gontier, Directeur de la photographie, Chef op\u00e9rateur, Cinematographer, Paris, France","article_publisher":"https:\/\/www.facebook.com\/adriengontierDOP\/","article_modified_time":"2020-04-21T12:33:57+00:00","og_image":[{"width":1540,"height":661,"url":"https:\/\/adriengontier.com\/wp-content\/uploads\/vignette\/Logo-Adrien-Gontier-Vignette-nosub.png","type":"image\/png"}],"twitter_card":"summary_large_image","twitter_site":"@adriengo","twitter_misc":{"Estimated reading time":"1 minute"},"schema":{"@context":"https:\/\/schema.org","@graph":[{"@type":"WebPage","@id":"https:\/\/adriengontier.com\/clients\/","url":"https:\/\/adriengontier.com\/clients\/","name":"CLIENTS | Adrien Gontier, Directeur de la photographie, Chef op\u00e9rateur, Cinematographer, Paris, France |","isPartOf":{"@id":"https:\/\/adriengontier.com\/#website"},"primaryImageOfPage":{"@id":"https:\/\/adriengontier.com\/clients\/#primaryimage"},"image":{"@id":"https:\/\/adriengontier.com\/clients\/#primaryimage"},"thumbnailUrl":"https:\/\/adriengontier.com\/wp-content\/uploads\/vignette\/Logo-Adrien-Gontier-Vignette-nosub.png","datePublished":"2018-05-06T13:49:17+00:00","dateModified":"2020-04-21T12:33:57+00:00","description":"Adrien Gontier, Directeur de la photographie, Chef op\u00e9rateur, Cinematographer, Paris, France | CLIENTS | adriengontier.com","breadcrumb":{"@id":"https:\/\/adriengontier.com\/clients\/#breadcrumb"},"inLanguage":"en-GB","potentialAction":[{"@type":"ReadAction","target":["https:\/\/adriengontier.com\/clients\/"]}]},{"@type":"ImageObject","inLanguage":"en-GB","@id":"https:\/\/adriengontier.com\/clients\/#primaryimage","url":"https:\/\/adriengontier.com\/wp-content\/uploads\/vignette\/Logo-Adrien-Gontier-Vignette-nosub.png","contentUrl":"https:\/\/adriengontier.com\/wp-content\/uploads\/vignette\/Logo-Adrien-Gontier-Vignette-nosub.png","width":1540,"height":661,"caption":"Chef op\u00e9rateur \u00e9quip\u00e9 Paris Directeur de la photographie - Mat\u00e9riel"},{"@type":"BreadcrumbList","@id":"https:\/\/adriengontier.com\/clients\/#breadcrumb","itemListElement":[{"@type":"ListItem","position":1,"name":"Home","item":"https:\/\/adriengontier.com\/"},{"@type":"ListItem","position":2,"name":"CLIENTS"}]},{"@type":"WebSite","@id":"https:\/\/adriengontier.com\/#website","url":"https:\/\/adriengontier.com\/","name":"Adrien Gontier, Directeur de la photographie, Chef op\u00e9rateur, Cinematographer, Paris, France","description":"Chef op\u00e9rateur, Directeur de la photographie, Paris, France","publisher":{"@id":"https:\/\/adriengontier.com\/#organization"},"potentialAction":[{"@type":"SearchAction","target":{"@type":"EntryPoint","urlTemplate":"https:\/\/adriengontier.com\/?s={search_term_string}"},"query-input":{"@type":"PropertyValueSpecification","valueRequired":true,"valueName":"search_term_string"}}],"inLanguage":"en-GB"},{"@type":"Organization","@id":"https:\/\/adriengontier.com\/#organization","name":"Adrien Gontier, Directeur de la photographie, Chef op\u00e9rateur, Cinematographer, Dop, Paris, France","url":"https:\/\/adriengontier.com\/","logo":{"@type":"ImageObject","inLanguage":"en-GB","@id":"https:\/\/adriengontier.com\/#\/schema\/logo\/image\/","url":"https:\/\/adriengontier.com\/wp-content\/uploads\/vignette\/cropped-logo-AdrienGontier-2020-601-1.png","contentUrl":"https:\/\/adriengontier.com\/wp-content\/uploads\/vignette\/cropped-logo-AdrienGontier-2020-601-1.png","width":601,"height":172,"caption":"Adrien Gontier, Directeur de la photographie, Chef op\u00e9rateur, Cinematographer, Dop, Paris, France"},"image":{"@id":"https:\/\/adriengontier.com\/#\/schema\/logo\/image\/"},"sameAs":["https:\/\/www.facebook.com\/adriengontierDOP\/","https:\/\/x.com\/adriengo","https:\/\/www.instagram.com\/adriengontier\/","https:\/\/fr.linkedin.com\/in\/adriengo","https:\/\/vimeo.com\/adriengo"]}]}},"_links":{"self":[{"href":"https:\/\/adriengontier.com\/en\/wp-json\/wp\/v2\/pages\/5151","targetHints":{"allow":["GET"]}}],"collection":[{"href":"https:\/\/adriengontier.com\/en\/wp-json\/wp\/v2\/pages"}],"about":[{"href":"https:\/\/adriengontier.com\/en\/wp-json\/wp\/v2\/types\/page"}],"author":[{"embeddable":true,"href":"https:\/\/adriengontier.com\/en\/wp-json\/wp\/v2\/users\/3"}],"replies":[{"embeddable":true,"href":"https:\/\/adriengontier.com\/en\/wp-json\/wp\/v2\/comments?post=5151"}],"version-history":[{"count":4,"href":"https:\/\/adriengontier.com\/en\/wp-json\/wp\/v2\/pages\/5151\/revisions"}],"predecessor-version":[{"id":11012,"href":"https:\/\/adriengontier.com\/en\/wp-json\/wp\/v2\/pages\/5151\/revisions\/11012"}],"wp:featuredmedia":[{"embeddable":true,"href":"https:\/\/adriengontier.com\/en\/wp-json\/wp\/v2\/media\/7349"}],"wp:attachment":[{"href":"https:\/\/adriengontier.com\/en\/wp-json\/wp\/v2\/media?parent=5151"}],"curies":[{"name":"wp","href":"https:\/\/api.w.org\/{rel}","templated":true}]}}