{"id":5206,"date":"2018-07-16T01:28:09","date_gmt":"2018-07-15T23:28:09","guid":{"rendered":"https:\/\/adriengontier.com\/?page_id=5206"},"modified":"2020-04-20T20:25:50","modified_gmt":"2020-04-20T18:25:50","slug":"alexa-mini","status":"publish","type":"page","link":"https:\/\/adriengontier.com\/en\/alexa-mini\/","title":{"rendered":"ALEXA MINI"},"content":{"rendered":"<div data-elementor-type=\"wp-page\" data-elementor-id=\"5206\" class=\"elementor elementor-5206\" data-elementor-post-type=\"page\">\n\t\t\t\t\t\t<section class=\"elementor-section elementor-top-section elementor-element elementor-element-70a30bf1 elementor-section-boxed elementor-section-height-default elementor-section-height-default\" data-id=\"70a30bf1\" data-element_type=\"section\" data-e-type=\"section\">\n\t\t\t\t\t\t<div class=\"elementor-container elementor-column-gap-default\">\n\t\t\t\t\t<div class=\"elementor-column elementor-col-100 elementor-top-column elementor-element elementor-element-4df496fa\" data-id=\"4df496fa\" data-element_type=\"column\" data-e-type=\"column\" data-settings=\"{&quot;background_background&quot;:&quot;classic&quot;}\">\n\t\t\t<div class=\"elementor-widget-wrap elementor-element-populated\">\n\t\t\t\t\t\t<div class=\"elementor-element elementor-element-218498a elementor-widget elementor-widget-heading\" data-id=\"218498a\" data-element_type=\"widget\" data-e-type=\"widget\" data-widget_type=\"heading.default\">\n\t\t\t\t<div class=\"elementor-widget-container\">\n\t\t\t\t\t<h2 class=\"elementor-heading-title elementor-size-default\">ALEXA MINI<\/h2>\t\t\t\t<\/div>\n\t\t\t\t<\/div>\n\t\t\t\t<div class=\"elementor-element elementor-element-78e6c683 elementor-widget elementor-widget-text-editor\" data-id=\"78e6c683\" data-element_type=\"widget\" data-e-type=\"widget\" data-widget_type=\"text-editor.default\">\n\t\t\t\t<div class=\"elementor-widget-container\">\n\t\t\t\t\t\t\t\t\t<a href=\"http:\/\/adriengontier.com\/wp-content\/uploads\/vignette\/ARRI_ALEXA_Mini-01.jpg\"><img fetchpriority=\"high\" decoding=\"async\" class=\"aligncenter size-full wp-image-4743\" src=\"http:\/\/adriengontier.com\/wp-content\/uploads\/vignette\/ARRI_ALEXA_Mini-01.jpg\" alt=\"Alexa mini\" width=\"850\" height=\"479\" \/><\/a>\r\n\r\n&nbsp;\r\n\r\n&nbsp;\r\n\r\nL&rsquo;ALEXA MINI est la derni\u00e8re des cam\u00e9ras <a href=\"http:\/\/www.arri.com\/camera\/alexa_mini\/?utm_campaign=buffer&amp;utm_content=buffercf8dd&amp;utm_medium=social&amp;utm_source=facebook.com&amp;cHash=8706dbe432e5e7990953c7a10c614dfd\" target=\"_blank\" rel=\"nofollow noopener noreferrer\">Arri<\/a>, mini par la taille pas par les performances. Toujours fid\u00e8les \u00e0 leur r\u00e9putation, les ateliers Arri ont miniaturis\u00e9 leur l\u00e9gendaire cam\u00e9ra num\u00e9rique, offrant \u00e0 leur gamme ALEXA un model plus compact, capable de s&rsquo;op\u00e9rer sur un drone ou sur un gimbal. Elle offre des performances incroyables pour ce type de cam\u00e9ra, proposant jusqu&rsquo;\u00e0 200fps et diff\u00e9rents codecs d&rsquo;enregistrement dont le ProRes 444XQ.\r\n\r\n<hr \/>\r\n\r\n(Licences ARRIRAW et Anamorphique 4\/3)\r\n\r\nLivr\u00e9e avec :\r\n\r\nCam\u00e9ra\r\n<ul>\r\n \t<li>Viseur ARRI ALEXA MINI + Arri EVF Bracket<\/li>\r\n \t<li>Monture \u00a0PL<\/li>\r\n \t<li>Lecteur de carte CFast<\/li>\r\n \t<li>Support de tige de 15mm + Tige de 15mm<\/li>\r\n \t<li>Top Handle<\/li>\r\n \t<li>Support Arri\/Bebop de Vlock Arri\u00e8re<\/li>\r\n \t<li>Base d&rsquo;accroche plate pour gimbal<\/li>\r\n<\/ul>\r\nEnergie\r\n<ul>\r\n \t<li>3 Vlock + Chargeur<\/li>\r\n<\/ul>\r\nM\u00e9dia\r\n<ul>\r\n \t<li>3X 128Go + 1X 256Go CFast Lexar 3600X<\/li>\r\n<\/ul>\r\n\r\n<hr \/>\r\n\r\nAvez vous besoin de batteries Vlock suppl\u00e9mentaires et de carte m\u00e9moire en plus?\r\n\r\nL&rsquo;ALEXA MINI b\u00e9n\u00e9ficie entre autres du m\u00eame capteur que ses grandes s\u0153urs de derni\u00e8re g\u00e9n\u00e9ration, r\u00e9put\u00e9es pour un rendu des peaux incomparables.\r\n\r\nBeaucoup d&rsquo;op\u00e9rateurs pr\u00e9f\u00e8rent tourner avec les ALEXA par rapport aux RED, notamment pour des questions de rapidit\u00e9 de tournage et de simplicit\u00e9. L&rsquo;ergonomie des cam\u00e9ras ARRI proposent un acc\u00e8s rapide aux r\u00e9glages, diaph, iso, framerate&#8230;\r\n\r\nL&rsquo;ALEXA MINI a \u00e9t\u00e9 dot\u00e9 d&rsquo;un jeu de filtre ND g\u00e9r\u00e9s \u00e9lectroniquement, 0.6, 1.2, 2.4.\r\n\r\nElle est contr\u00f4lable \u00e0 distance par wifi et embarque un syst\u00e8me de contr\u00f4le des moteurs C-force en fa\u00e7ade sans utiliser de r\u00e9cepteur.\r\n\r\nQuelques sp\u00e9cifications techniques :\r\n\r\nDe 0.75 \u00e0 200fps\r\nProRes et ARRIRAW\r\nHD, 2k, 4k UHD\r\nNon compress\u00e9s ARRIRAW 2.8k et ProRes 3.2k en interne et via la sortie SDI\r\nCapteur Super 35 &#8211; 4\/3\r\n1 emplacement CFast Card\r\nBoitier en carbone pour plus de l\u00e9g\u00e8ret\u00e9.\r\n\r\nPour toute information compl\u00e9mentaire sur cette cam\u00e9ra exceptionnelle rendez-vous sur le site ARRI, vous pourrez y visionner \u00e9galement plein de footage et des vid\u00e9os explicatives.\r\n\r\nCamera type 35 mm format film-style digital camera with lightweight and compact carbon body, switchable active sensor area, support for ARRI MVF-1 viewfinder, built-in remote control capabilities via ARRI Electronic Control System and Wi-Fi, support for cforce motors, built-in motorized ND filters, interchangeable lens mounts and ARRI Lens Data System as well as Lens Data Archive.\r\nDimensions Length: 185 mm\/7.3\u2033\r\nWidth: 125 mm\/4.9\u2033\r\nHeight: 140 mm\/5.5\u2033\r\n(camera body with PL lens mount)\r\nWeight ~ 2.3 kg\/5 lbs (camera body with titanium PL lens mount)\r\nSensor 35 mm format ARRI ALEV III CMOS with Bayer pattern color filter array\r\nActive photo sites\r\n(with surround view) S16 HD: 1600 x 900 (1760 x 980)\r\nHD: 2880 x 1620 (3168 x 1772)\r\n2K: 2868 x 1612 (3154 x 1764)\r\n3.2K: 3200 x 1800 (3424 x 1926)\r\n4K UHD: 3200 x 1800 (3424 x 1926)\r\n4:3 2.8K: 2880 x 2160 (3168 x 2160)\r\n2.39:1 2K Ana.: 2560 x 2145 (3424 x 2202)\r\nHD Ana.: 1920 x 2160 (3424 x 2202)\r\nOpen Gate 3.4K: 3424 x 2202 (3424 x 2202)\r\nShutter Electronic shutter, 5.0\u00b0 to 356.0\u00b0\r\nExposure latitude 14+ stops over the entire sensitivity range from EI 160 to EI 3200 as measured with the ARRI Dynamic Range Test Chart (DRTC-1)\r\nExposure index EI 800 base sensitivity\r\nFilters Built-in motorized ND filters 0.6, 1.2, 2.1\r\nLens mounts PL mount\r\nEF mount\r\nRecording media CFast 2.0 memory cards\r\nRecording formats ProRes:\r\nS16 HD: 1920 x 1080 (up-sampled from 1600 x 900)\r\nHD: 1920 x 1080\r\n2K Cine 16:9: 2048 x 1152\r\n3.2K: 3200 x 1800\r\n4K UHD: 3840 x 2160 (up-sampled from 3.2K)\r\n4:3 2.8K: 2880 x 2160 (padded to 2944 x 2160)Anamorphic ProRes formats with 2x in-camera de-squeeze:\r\nHD Anamorphic: 1920 x 1080*\r\n2.39:1 2K Anamorphic: 2048 x 858<em>MXF\/ARRIRAW (in-camera recording to MXF-wrapped ARRIRAW files):\r\n2.8K 16:9: 2880 x 1620<\/em>*\r\nOpen Gate: 3424 x 2202<strong><em>MXF\/ARRIRAW Open Gate modes with active image area matching 4:3 ProRes modes:\r\n4:3 2.8K (OG 3.4K): 2880 x 2160 (Recording in Open Gate 3.4K)<\/em><\/strong>\r\n2.39:1 Ana. (OG 3.4K): 2560 x 2145 (Recording in Open Gate 3.4K)***\r\n16:9 HD Ana. (OG 3.4K): 1920 x 2160 (Recording in Open Gate 3.4K)***\r\nRecording codec ProRes 4444XQ, 4444, 422 (HQ), 422, 422(LT), MXF\/ARRIRAW\r\nRecording frame rates 16:9\r\nProRes HD 0.75 \u2013 200 fps\r\nProRes S16 HD 0.75 \u2013 200 fps\r\nProRes 2K 0.75 \u2013 200 fps\r\nProRes 3.2K 0.75 \u2013 60 fps\r\nProRes UHD 0.75 \u2013 60 fps\r\nMFX\/ARRIRAW 16:9 2.8K 0.75 \u2013 48 fps4:3\r\nProRes 4:3 2.8K 0.75 \u2013 50 fps6:5*\r\nProRes 2:39:1 2K Ana. 0.75 \u2013 120 fps8:9**\r\nProRes HD Ana. 0.75 \u2013 120 fpsOpen Gate\r\nMFX\/ARRIRAW 3.4K Open Gate 0.75 \u2013 30 fps* 4:3 cropped\r\n** Center crop from anamorphic\r\nColor output Rec 709, custom look or Log C\r\nLook control Import of custom 3D LUT, ASC CDL parameter (slope, offset, power, saturation)\r\nAdjustable image parameters Knee, gamma, saturation, black gamma, saturation by hue\r\nFocus and exposure control Peaking, zebra, false color, waveform\r\nWhite balance Manual and auto white balance\r\nSound level &lt; 20 dB(A) at standard frame rates\r\nEnvironmental \u2018-20\u00b0 C to +45\u00b0 C (-4\u00b0 F to +113\u00b0 F) @ 95% humidity max, non-condensing splash and dust-proof through sealed electronics\r\nViewfinder Multi Viewfinder MVF-1 (OLED and LCD) with flip-out LCD screen and military-grade connector to camera Camera Control Panel (CCP-1) LCD control panel with option to daisy-chain MVF-1\r\nControl interface Soft buttons and OSD on SDI output, integration of Transvideo Starlite HD5-ARRI touch interface WCU-4 hand-unit with control over operational parameters.\r\nARRI lens motor control Built-in white coded radio interface for ARRI lens and camera remote control LBUS motor output for daisy-chainable cforce lens control motors Lens Data Archive\r\nWi-Fi remote control Built-in Wi-Fi interface and web-based remote control from phones, tablets and laptops\r\nCustom control Optional GPIO interface for integration with custom control interfaces\r\nPower input Lemo 8-pin, 10.5-34 V DC\r\nVideo outputs 2x HD-SDI out 1.5G and 3G: uncompressed HD video with embedded audio and metadata, 6G SDI in UHD and 3.2K recording modes.\r\nInputs SDI-Genlock (optional activation through ARRI Service), Timecode (in and output)\r\nOther interfaces USB 2.0 (for user sets, looks etc.)\r\nEthernet for service and web remote control\r\nEXT accessory interface w. RS pin and unregulated power output (outputs battery voltage)\r\n\r\nNOTE:\r\n\r\n<a href=\"http:\/\/adriengontier.com\/wp-content\/uploads\/vignette\/Alexa-mini-features-05.png\"><img decoding=\"async\" class=\"aligncenter size-full wp-image-5409\" src=\"http:\/\/adriengontier.com\/wp-content\/uploads\/vignette\/Alexa-mini-features-05.png\" alt=\"Alexa mini features 05\" width=\"1620\" height=\"992\" \/><\/a>\r\n\r\n<a href=\"http:\/\/adriengontier.com\/wp-content\/uploads\/vignette\/Alexa-mini-features-04.png\"><img decoding=\"async\" class=\"aligncenter size-full wp-image-5408\" src=\"http:\/\/adriengontier.com\/wp-content\/uploads\/vignette\/Alexa-mini-features-04.png\" alt=\"Alexa mini features 04\" width=\"1556\" height=\"892\" \/><\/a>\r\n\r\n<a href=\"http:\/\/adriengontier.com\/wp-content\/uploads\/vignette\/Alexa-mini-features-03.png\"><img loading=\"lazy\" decoding=\"async\" class=\"aligncenter size-full wp-image-5407\" src=\"http:\/\/adriengontier.com\/wp-content\/uploads\/vignette\/Alexa-mini-features-03.png\" alt=\"Alexa mini features 03\" width=\"1538\" height=\"950\" \/><\/a>\r\n\r\n<a href=\"http:\/\/adriengontier.com\/wp-content\/uploads\/vignette\/Alexa-mini-features-02.png\"><img loading=\"lazy\" decoding=\"async\" class=\"aligncenter size-full wp-image-5406\" src=\"http:\/\/adriengontier.com\/wp-content\/uploads\/vignette\/Alexa-mini-features-02.png\" alt=\"Alexa mini features 02\" width=\"1570\" height=\"916\" \/><\/a>\r\n\r\n<a href=\"http:\/\/adriengontier.com\/wp-content\/uploads\/vignette\/Alexa-mini-features-01.png\"><img loading=\"lazy\" decoding=\"async\" class=\"aligncenter size-full wp-image-5405\" src=\"http:\/\/adriengontier.com\/wp-content\/uploads\/vignette\/Alexa-mini-features-01.png\" alt=\"Alexa mini features 01\" width=\"1544\" height=\"794\" \/><\/a>\r\n\r\n<a href=\"http:\/\/adriengontier.com\/wp-content\/uploads\/vignette\/Alexa-mini-features-00.png\"><img loading=\"lazy\" decoding=\"async\" class=\"aligncenter size-full wp-image-5404\" src=\"http:\/\/adriengontier.com\/wp-content\/uploads\/vignette\/Alexa-mini-features-00.png\" alt=\"Alexa mini features\" width=\"1544\" height=\"772\" \/><\/a>\r\n\r\n&nbsp;\r\n\r\n&nbsp;\r\n\r\n&nbsp;\r\n\r\n<strong>DEBAYERISATION<\/strong>\r\n\r\nThe sensor in the ALEXA is covered with a mosaic RGB filter pattern, called the Bayer pattern. When an exposed frame is sampled by the sensor, it is captured as a one-channel image (as opposed to a regular RGB three-channel color image). The reconstruction of the missing color components for each pixel, based on the type and position on the Bayer pattern is called de-bayering.\r\n\r\nWith a Bayer pattern sensor, 50% of the sensors photosites are used to represent green, 25% of the photosites represent red and the remaining 25% represent blue.\r\n\r\n&nbsp;\r\n\r\nThe different ARRI De-Bayer Algorithms (ADA) control how the color channels are reconstructed.\r\n<ul class=\"rte--list\">\r\n \t<li>ADA-5 HW is the lastest de-bayer algorithm used in the ALEXA cameras starting with SUP 11.0. It offers improvements for bluescreen vfx shoots and reduces noise as well as aliasing.<\/li>\r\n \t<li>ADA-5 SW is an enhanced software de-bayering algorithm based on ADA-5 HW<\/li>\r\n \t<li>ADA-3 HW is the camera hardware de-bayer algorithm used in ALEXA cameras in SUP 7.0 up to SUP 10.0.<\/li>\r\n \t<li>ADA-3 SW is an enhanced software de-bayering algorithm based on ADA-3 HW. Depending on the scene content, it can deliver more image detail than ADA-3 HW.<\/li>\r\n \t<li>ADA-2 SW is a legacy software de-bayer algorithm.<\/li>\r\n \t<li>ADA-1 HW is a legacy camera hardware de-bayer algorithm, that was used before SUP 7.0.<\/li>\r\n<\/ul>\r\nThe processing version controls which color transformations are applied to the de-bayered data. Version 5.0 represents the latest status of in-camera color processing. Previous versions are available to allow matching an output with previously processed footage. ADA-3 HW\/SW is only available in combination with processing version 4.0.\t\t\t\t\t\t\t\t<\/div>\n\t\t\t\t<\/div>\n\t\t\t\t\t<\/div>\n\t\t<\/div>\n\t\t\t\t\t<\/div>\n\t\t<\/section>\n\t\t\t\t<\/div>","protected":false},"excerpt":{"rendered":"<p>&nbsp; &nbsp; L&rsquo;ALEXA MINI est la derni\u00e8re des cam\u00e9ras Arri, mini par la taille pas par les performances. Toujours fid\u00e8les \u00e0 leur r\u00e9putation, les ateliers Arri ont miniaturis\u00e9 leur l\u00e9gendaire cam\u00e9ra num\u00e9rique, offrant \u00e0 leur gamme ALEXA un model plus compact, capable de s&rsquo;op\u00e9rer sur un drone ou sur un gimbal. Elle offre des performances [&hellip;]<\/p>\n","protected":false},"author":3,"featured_media":6950,"parent":0,"menu_order":0,"comment_status":"closed","ping_status":"closed","template":"","meta":{"_acf_changed":false,"footnotes":""},"class_list":["post-5206","page","type-page","status-publish","has-post-thumbnail","hentry"],"acf":[],"yoast_head":"<!-- This site is optimized with the Yoast SEO plugin v27.4 - https:\/\/yoast.com\/product\/yoast-seo-wordpress\/ -->\n<title>ALEXA MINI | Adrien Gontier, Directeur de la photographie, Chef op\u00e9rateur, Cinematographer, Paris, France |<\/title>\n<meta name=\"description\" content=\"Adrien Gontier, Directeur de la photographie, Chef op\u00e9rateur, Cinematographer, Paris, France | ALEXA MINI | adriengontier.com\" \/>\n<meta name=\"robots\" content=\"index, follow, max-snippet:-1, max-image-preview:large, max-video-preview:-1\" \/>\n<link rel=\"canonical\" href=\"https:\/\/adriengontier.com\/en\/alexa-mini\/\" \/>\n<meta property=\"og:locale\" content=\"en_GB\" \/>\n<meta property=\"og:type\" content=\"article\" \/>\n<meta property=\"og:title\" content=\"ALEXA MINI | Adrien Gontier, Directeur de la photographie, Chef op\u00e9rateur, Cinematographer, Paris, France |\" \/>\n<meta property=\"og:description\" content=\"Adrien Gontier, Directeur de la photographie, Chef op\u00e9rateur, Cinematographer, Paris, France | ALEXA MINI | adriengontier.com\" \/>\n<meta property=\"og:url\" content=\"https:\/\/adriengontier.com\/en\/alexa-mini\/\" \/>\n<meta property=\"og:site_name\" content=\"Adrien Gontier, Directeur de la photographie, Chef op\u00e9rateur, Cinematographer, Paris, France\" \/>\n<meta property=\"article:publisher\" content=\"https:\/\/www.facebook.com\/adriengontierDOP\/\" \/>\n<meta property=\"article:modified_time\" content=\"2020-04-20T18:25:50+00:00\" \/>\n<meta property=\"og:image\" content=\"https:\/\/adriengontier.com\/wp-content\/uploads\/vignette\/ARRI-ALEXA-MINI-vignette.png\" \/>\n\t<meta property=\"og:image:width\" content=\"1535\" \/>\n\t<meta property=\"og:image:height\" content=\"655\" \/>\n\t<meta property=\"og:image:type\" content=\"image\/png\" \/>\n<meta name=\"twitter:card\" content=\"summary_large_image\" \/>\n<meta name=\"twitter:site\" content=\"@adriengo\" \/>\n<meta name=\"twitter:label1\" content=\"Estimated reading time\" \/>\n\t<meta name=\"twitter:data1\" content=\"6 minutes\" \/>\n<script type=\"application\/ld+json\" class=\"yoast-schema-graph\">{\"@context\":\"https:\\\/\\\/schema.org\",\"@graph\":[{\"@type\":\"WebPage\",\"@id\":\"https:\\\/\\\/adriengontier.com\\\/alexa-mini\\\/\",\"url\":\"https:\\\/\\\/adriengontier.com\\\/alexa-mini\\\/\",\"name\":\"ALEXA MINI | Adrien Gontier, Directeur de la photographie, Chef op\u00e9rateur, Cinematographer, Paris, France |\",\"isPartOf\":{\"@id\":\"https:\\\/\\\/adriengontier.com\\\/#website\"},\"primaryImageOfPage\":{\"@id\":\"https:\\\/\\\/adriengontier.com\\\/alexa-mini\\\/#primaryimage\"},\"image\":{\"@id\":\"https:\\\/\\\/adriengontier.com\\\/alexa-mini\\\/#primaryimage\"},\"thumbnailUrl\":\"https:\\\/\\\/adriengontier.com\\\/wp-content\\\/uploads\\\/vignette\\\/ARRI-ALEXA-MINI-vignette.png\",\"datePublished\":\"2018-07-15T23:28:09+00:00\",\"dateModified\":\"2020-04-20T18:25:50+00:00\",\"description\":\"Adrien Gontier, Directeur de la photographie, Chef op\u00e9rateur, Cinematographer, Paris, France | ALEXA MINI | adriengontier.com\",\"breadcrumb\":{\"@id\":\"https:\\\/\\\/adriengontier.com\\\/alexa-mini\\\/#breadcrumb\"},\"inLanguage\":\"en-GB\",\"potentialAction\":[{\"@type\":\"ReadAction\",\"target\":[\"https:\\\/\\\/adriengontier.com\\\/alexa-mini\\\/\"]}]},{\"@type\":\"ImageObject\",\"inLanguage\":\"en-GB\",\"@id\":\"https:\\\/\\\/adriengontier.com\\\/alexa-mini\\\/#primaryimage\",\"url\":\"https:\\\/\\\/adriengontier.com\\\/wp-content\\\/uploads\\\/vignette\\\/ARRI-ALEXA-MINI-vignette.png\",\"contentUrl\":\"https:\\\/\\\/adriengontier.com\\\/wp-content\\\/uploads\\\/vignette\\\/ARRI-ALEXA-MINI-vignette.png\",\"width\":1535,\"height\":655,\"caption\":\"Chef op\u00e9rateur \u00e9quip\u00e9 Paris Directeur de la photographie - Mat\u00e9riel\"},{\"@type\":\"BreadcrumbList\",\"@id\":\"https:\\\/\\\/adriengontier.com\\\/alexa-mini\\\/#breadcrumb\",\"itemListElement\":[{\"@type\":\"ListItem\",\"position\":1,\"name\":\"Home\",\"item\":\"https:\\\/\\\/adriengontier.com\\\/\"},{\"@type\":\"ListItem\",\"position\":2,\"name\":\"ALEXA MINI\"}]},{\"@type\":\"WebSite\",\"@id\":\"https:\\\/\\\/adriengontier.com\\\/#website\",\"url\":\"https:\\\/\\\/adriengontier.com\\\/\",\"name\":\"Adrien Gontier, Directeur de la photographie, Chef op\u00e9rateur, Cinematographer, Paris, France\",\"description\":\"Chef op\u00e9rateur, Directeur de la photographie, Paris, France\",\"publisher\":{\"@id\":\"https:\\\/\\\/adriengontier.com\\\/#organization\"},\"potentialAction\":[{\"@type\":\"SearchAction\",\"target\":{\"@type\":\"EntryPoint\",\"urlTemplate\":\"https:\\\/\\\/adriengontier.com\\\/?s={search_term_string}\"},\"query-input\":{\"@type\":\"PropertyValueSpecification\",\"valueRequired\":true,\"valueName\":\"search_term_string\"}}],\"inLanguage\":\"en-GB\"},{\"@type\":\"Organization\",\"@id\":\"https:\\\/\\\/adriengontier.com\\\/#organization\",\"name\":\"Adrien Gontier, Directeur de la photographie, Chef op\u00e9rateur, Cinematographer, Dop, Paris, France\",\"url\":\"https:\\\/\\\/adriengontier.com\\\/\",\"logo\":{\"@type\":\"ImageObject\",\"inLanguage\":\"en-GB\",\"@id\":\"https:\\\/\\\/adriengontier.com\\\/#\\\/schema\\\/logo\\\/image\\\/\",\"url\":\"https:\\\/\\\/adriengontier.com\\\/wp-content\\\/uploads\\\/vignette\\\/cropped-logo-AdrienGontier-2020-601-1.png\",\"contentUrl\":\"https:\\\/\\\/adriengontier.com\\\/wp-content\\\/uploads\\\/vignette\\\/cropped-logo-AdrienGontier-2020-601-1.png\",\"width\":601,\"height\":172,\"caption\":\"Adrien Gontier, Directeur de la photographie, Chef op\u00e9rateur, Cinematographer, Dop, Paris, France\"},\"image\":{\"@id\":\"https:\\\/\\\/adriengontier.com\\\/#\\\/schema\\\/logo\\\/image\\\/\"},\"sameAs\":[\"https:\\\/\\\/www.facebook.com\\\/adriengontierDOP\\\/\",\"https:\\\/\\\/x.com\\\/adriengo\",\"https:\\\/\\\/www.instagram.com\\\/adriengontier\\\/\",\"https:\\\/\\\/fr.linkedin.com\\\/in\\\/adriengo\",\"https:\\\/\\\/vimeo.com\\\/adriengo\"]}]}<\/script>\n<!-- \/ Yoast SEO plugin. -->","yoast_head_json":{"title":"ALEXA MINI | Adrien Gontier, Directeur de la photographie, Chef op\u00e9rateur, Cinematographer, Paris, France |","description":"Adrien Gontier, Directeur de la photographie, Chef op\u00e9rateur, Cinematographer, Paris, France | ALEXA MINI | adriengontier.com","robots":{"index":"index","follow":"follow","max-snippet":"max-snippet:-1","max-image-preview":"max-image-preview:large","max-video-preview":"max-video-preview:-1"},"canonical":"https:\/\/adriengontier.com\/en\/alexa-mini\/","og_locale":"en_GB","og_type":"article","og_title":"ALEXA MINI | Adrien Gontier, Directeur de la photographie, Chef op\u00e9rateur, Cinematographer, Paris, France |","og_description":"Adrien Gontier, Directeur de la photographie, Chef op\u00e9rateur, Cinematographer, Paris, France | ALEXA MINI | adriengontier.com","og_url":"https:\/\/adriengontier.com\/en\/alexa-mini\/","og_site_name":"Adrien Gontier, Directeur de la photographie, Chef op\u00e9rateur, Cinematographer, Paris, France","article_publisher":"https:\/\/www.facebook.com\/adriengontierDOP\/","article_modified_time":"2020-04-20T18:25:50+00:00","og_image":[{"width":1535,"height":655,"url":"https:\/\/adriengontier.com\/wp-content\/uploads\/vignette\/ARRI-ALEXA-MINI-vignette.png","type":"image\/png"}],"twitter_card":"summary_large_image","twitter_site":"@adriengo","twitter_misc":{"Estimated reading time":"6 minutes"},"schema":{"@context":"https:\/\/schema.org","@graph":[{"@type":"WebPage","@id":"https:\/\/adriengontier.com\/alexa-mini\/","url":"https:\/\/adriengontier.com\/alexa-mini\/","name":"ALEXA MINI | Adrien Gontier, Directeur de la photographie, Chef op\u00e9rateur, Cinematographer, Paris, France |","isPartOf":{"@id":"https:\/\/adriengontier.com\/#website"},"primaryImageOfPage":{"@id":"https:\/\/adriengontier.com\/alexa-mini\/#primaryimage"},"image":{"@id":"https:\/\/adriengontier.com\/alexa-mini\/#primaryimage"},"thumbnailUrl":"https:\/\/adriengontier.com\/wp-content\/uploads\/vignette\/ARRI-ALEXA-MINI-vignette.png","datePublished":"2018-07-15T23:28:09+00:00","dateModified":"2020-04-20T18:25:50+00:00","description":"Adrien Gontier, Directeur de la photographie, Chef op\u00e9rateur, Cinematographer, Paris, France | ALEXA MINI | adriengontier.com","breadcrumb":{"@id":"https:\/\/adriengontier.com\/alexa-mini\/#breadcrumb"},"inLanguage":"en-GB","potentialAction":[{"@type":"ReadAction","target":["https:\/\/adriengontier.com\/alexa-mini\/"]}]},{"@type":"ImageObject","inLanguage":"en-GB","@id":"https:\/\/adriengontier.com\/alexa-mini\/#primaryimage","url":"https:\/\/adriengontier.com\/wp-content\/uploads\/vignette\/ARRI-ALEXA-MINI-vignette.png","contentUrl":"https:\/\/adriengontier.com\/wp-content\/uploads\/vignette\/ARRI-ALEXA-MINI-vignette.png","width":1535,"height":655,"caption":"Chef op\u00e9rateur \u00e9quip\u00e9 Paris Directeur de la photographie - Mat\u00e9riel"},{"@type":"BreadcrumbList","@id":"https:\/\/adriengontier.com\/alexa-mini\/#breadcrumb","itemListElement":[{"@type":"ListItem","position":1,"name":"Home","item":"https:\/\/adriengontier.com\/"},{"@type":"ListItem","position":2,"name":"ALEXA MINI"}]},{"@type":"WebSite","@id":"https:\/\/adriengontier.com\/#website","url":"https:\/\/adriengontier.com\/","name":"Adrien Gontier, Directeur de la photographie, Chef op\u00e9rateur, Cinematographer, Paris, France","description":"Chef op\u00e9rateur, Directeur de la photographie, Paris, France","publisher":{"@id":"https:\/\/adriengontier.com\/#organization"},"potentialAction":[{"@type":"SearchAction","target":{"@type":"EntryPoint","urlTemplate":"https:\/\/adriengontier.com\/?s={search_term_string}"},"query-input":{"@type":"PropertyValueSpecification","valueRequired":true,"valueName":"search_term_string"}}],"inLanguage":"en-GB"},{"@type":"Organization","@id":"https:\/\/adriengontier.com\/#organization","name":"Adrien Gontier, Directeur de la photographie, Chef op\u00e9rateur, Cinematographer, Dop, Paris, France","url":"https:\/\/adriengontier.com\/","logo":{"@type":"ImageObject","inLanguage":"en-GB","@id":"https:\/\/adriengontier.com\/#\/schema\/logo\/image\/","url":"https:\/\/adriengontier.com\/wp-content\/uploads\/vignette\/cropped-logo-AdrienGontier-2020-601-1.png","contentUrl":"https:\/\/adriengontier.com\/wp-content\/uploads\/vignette\/cropped-logo-AdrienGontier-2020-601-1.png","width":601,"height":172,"caption":"Adrien Gontier, Directeur de la photographie, Chef op\u00e9rateur, Cinematographer, Dop, Paris, France"},"image":{"@id":"https:\/\/adriengontier.com\/#\/schema\/logo\/image\/"},"sameAs":["https:\/\/www.facebook.com\/adriengontierDOP\/","https:\/\/x.com\/adriengo","https:\/\/www.instagram.com\/adriengontier\/","https:\/\/fr.linkedin.com\/in\/adriengo","https:\/\/vimeo.com\/adriengo"]}]}},"_links":{"self":[{"href":"https:\/\/adriengontier.com\/en\/wp-json\/wp\/v2\/pages\/5206","targetHints":{"allow":["GET"]}}],"collection":[{"href":"https:\/\/adriengontier.com\/en\/wp-json\/wp\/v2\/pages"}],"about":[{"href":"https:\/\/adriengontier.com\/en\/wp-json\/wp\/v2\/types\/page"}],"author":[{"embeddable":true,"href":"https:\/\/adriengontier.com\/en\/wp-json\/wp\/v2\/users\/3"}],"replies":[{"embeddable":true,"href":"https:\/\/adriengontier.com\/en\/wp-json\/wp\/v2\/comments?post=5206"}],"version-history":[{"count":3,"href":"https:\/\/adriengontier.com\/en\/wp-json\/wp\/v2\/pages\/5206\/revisions"}],"predecessor-version":[{"id":10826,"href":"https:\/\/adriengontier.com\/en\/wp-json\/wp\/v2\/pages\/5206\/revisions\/10826"}],"wp:featuredmedia":[{"embeddable":true,"href":"https:\/\/adriengontier.com\/en\/wp-json\/wp\/v2\/media\/6950"}],"wp:attachment":[{"href":"https:\/\/adriengontier.com\/en\/wp-json\/wp\/v2\/media?parent=5206"}],"curies":[{"name":"wp","href":"https:\/\/api.w.org\/{rel}","templated":true}]}}