{"id":5244,"date":"2018-10-10T17:49:35","date_gmt":"2018-10-10T15:49:35","guid":{"rendered":"https:\/\/adriengontier.com\/?page_id=5244"},"modified":"2020-05-04T08:23:58","modified_gmt":"2020-05-04T07:23:58","slug":"davinci-resolve","status":"publish","type":"page","link":"https:\/\/adriengontier.com\/en\/davinci-resolve\/","title":{"rendered":"DAVINCI RESOLVE"},"content":{"rendered":"<p>DAVINCI RESOLVE<\/p>\n<figure id=\"attachment_5235\" aria-describedby=\"caption-attachment-5235\" style=\"width: 601px\" class=\"wp-caption aligncenter\"><a href=\"https:\/\/adriengontier.com\/wp-content\/uploads\/vignette\/DAVINCI-RESOLVE-ETALONNAGE-.png\"><img fetchpriority=\"high\" decoding=\"async\" class=\"wp-image-5235\" src=\"https:\/\/adriengontier.com\/wp-content\/uploads\/vignette\/DAVINCI-RESOLVE-ETALONNAGE-.png\" alt=\"DAVINCI RESOLVE - ETALONNAGE\" width=\"601\" height=\"300\" \/><\/a><figcaption id=\"caption-attachment-5235\" class=\"wp-caption-text\">DAVINCI RESOLVE &#8211; ETALONNAGE<\/figcaption><\/figure>\n<h2 class=\"header-content__page\">CORRECTION COLORIM\u00c9TRIQUE AVANC\u00c9E<\/h2>\n<h2>Le logiciel de correction colorim\u00e9trique le\u00a0plus performant d&rsquo;Hollywood\u00a0!<\/h2>\n<p>L&rsquo;ambiance d&rsquo;une sc\u00e8ne est directement li\u00e9e au choix de la couleur, c\u2019est pour cela que DaVinci Resolve va bien au-del\u00e0 de la simple correction de couleur. En effet, le logiciel offre des outils haut de gamme qui exploitent tout le potentiel d\u2019une sc\u00e8ne. Vous \u00eates en mesure de r\u00e9gler pr\u00e9cis\u00e9ment la lumi\u00e8re et les couleurs pour mieux raconter votre histoire. Gr\u00e2ce aux nouveaux outils, les \u00e9talonneurs sont d\u00e9sormais en mesure de cr\u00e9er une atmosph\u00e8re unique qui transformera de simples images RAW en v\u00e9ritables \u0153uvres\u00a0d&rsquo;art\u00a0!<\/p>\n<p>DaVinci Resolve est le logiciel incontournable pour l&rsquo;\u00e9talonnage num\u00e9rique. Ce Logiciel permet aux diff\u00e9rents types de production, d&rsquo;allier efficacit\u00e9 et cr\u00e9ation.\u00a0Outils r\u00e9volutionnaires pour le montage, les effets visuels, l\u2019\u00e9talonnage et la post-production audio sur un seul\u00a0logiciel\u00a0!<\/p>\n<p>&nbsp;<\/p>\n<h2>Qualit\u00e9 l\u00e9gendaire DaVinci<\/h2>\n<h3 class=\"grey-text\">Une qualit\u00e9 de traitement d&rsquo;images reconnue par les <span class=\"nb-sm\">professionnels d\u2019Hollywood<\/span><\/h3>\n<p>La qualit\u00e9 DaVinci Resolve est renomm\u00e9e dans le monde entier et offre des rendus qu\u2019aucun autre logiciel ne peut atteindre. Son espace colorim\u00e9trique YRGB interne prend s\u00e9par\u00e9ment en charge la luminance, et les algorithmes brevet\u00e9s de DaVinci dot\u00e9s d\u2019une acc\u00e9l\u00e9ration GPU traitent les images 32 bits flottants sans\u00a0difficult\u00e9.<\/p>\n<p>&nbsp;<\/p>\n<h2>Correction primaire<\/h2>\n<h3 class=\"grey-text\">Roues chromatiques standard et <span class=\"nb-sm\">outils indispensables<\/span><\/h3>\n<p>Les roues colorim\u00e9triques lift, gamma, gain, log et offset, ainsi que les outils de contr\u00f4le du contraste permettent de r\u00e9gler avec pr\u00e9cision les \u00e9l\u00e9ments que vous retouchez. Les barres de r\u00e9glage primaires vous permettent de r\u00e9gler la luminance des canaux rouge, vert et bleu s\u00e9par\u00e9ment. Ces rendus uniques sont d\u2019ailleurs impossibles \u00e0 recr\u00e9er sur les autres <span class=\"nb-sm\">logiciels d\u2019\u00e9talonnage.<\/span><\/p>\n<p>&nbsp;<\/p>\n<h2>Contr\u00f4le primaire avanc\u00e9<\/h2>\n<h3 class=\"grey-text\">Commandes d\u00e9di\u00e9es pour un r\u00e9glage pr\u00e9cis des\u00a0images<\/h3>\n<p>Les douze commandes primaires vous ouvrent les portes de la cr\u00e9ativit\u00e9 ! Vous pouvez r\u00e9gler rapidement la temp\u00e9rature et la teinte, booster la couleur, les d\u00e9tails des tons moyens, la saturation, la luminance, le gamma, le lift, le gain, etc. Si vous avez d\u00e9j\u00e0 utilis\u00e9 un logiciel tel que Photoshop, vous n\u2019aurez aucun mal \u00e0 travailler sur DaVinci\u00a0Resolve.<\/p>\n<p>&nbsp;<\/p>\n<h2>\u00c9diteurs de courbes<\/h2>\n<h3>Nouveaux \u00e9diteurs de <span class=\"nb-sm\">courbes innovants<\/span><\/h3>\n<p>Les courbes permettent d&rsquo;appliquer rapidement des contrastes aux basses et hautes lumi\u00e8res de l&rsquo;image. Pour un contr\u00f4le absolu, utilisez les courbes individuelles et l&rsquo;\u00e9cr\u00eatage pr\u00e9cis disponible sur chaque canal. Le logiciel contient \u00e9galement des courbes innovantes, dont les courbes Hue vs. Sat ou Sat vs. Sat. Ces outils de pr\u00e9cision permettent d\u2019apporter des modifications \u00e0 une r\u00e9gion de l\u2019image en\u00a0particulier.<\/p>\n<p>&nbsp;<\/p>\n<h2>Corrections secondaires<\/h2>\n<h3>S\u00e9lectionnez et modifiez des r\u00e9gions pr\u00e9cises de\u00a0l&rsquo;image<\/h3>\n<p>Les corrections secondaires vous permettent d&rsquo;isoler une r\u00e9gion pr\u00e9cise de l&rsquo;image. Vous pouvez par exemple utiliser les qualificateurs HSL ou les incrustateurs 3D pour s\u00e9lectionner une couleur ou pour cr\u00e9er des mattes et appliquer des r\u00e9glages \u00e0 la zone s\u00e9lectionn\u00e9e. Enfin, les Power Windows&#x2122; permettent de d\u00e9couper des zones de l&rsquo;image et d\u2019appliquer des corrections\u00a0cibl\u00e9es.<\/p>\n<p>&nbsp;<\/p>\n<h2>Suivi et stabilisation<\/h2>\n<h3>Outils de suivi perspective ou\u00a03D<\/h3>\n<p>Les outils de suivi vous permettent de suivre une zone de l&rsquo;image qui se d\u00e9place dans le cadre et de stabiliser les prises captur\u00e9es au poing. Vous disposez d&rsquo;un suivi vertical, horizontal, 3D et en perspective de vos images, ainsi que d&rsquo;un suivi de points pour r\u00e9aliser des effets plus vrais que nature. L&rsquo;outil de suivi g\u00e9n\u00e8re un nuage de points qui permet d&rsquo;attacher des Power Windows \u00e0 des objets en\u00a0mouvement.<\/p>\n<p>&nbsp;<\/p>\n<h2>High Dynamic Range\u00a0(HDR)<\/h2>\n<h3 class=\"grey-text\">Outils de pointe pour des images \u00e0\u00a0large gamme de\u00a0couleurs<\/h3>\n<p>Le HDR offre une large plage dynamique et une gamme de couleur plus \u00e9tendue que les autres formats. DaVinci Resolve comporte un ensemble complet d&rsquo;outils de traitement et d&rsquo;\u00e9talonnage destin\u00e9s au format HDR ou aux autres formats affichant une forte intensit\u00e9 lumineuse, comme Dolby Vision, Hybrid Log Gamma, HDR+10 et\u00a0autres.<\/p>\n<p>&nbsp;<\/p>\n<h2>Traitement d&rsquo;image RAW<\/h2>\n<h3>Travaillez nativement sur vos fichiers\u00a0RAW<\/h3>\n<p>DaVinci Resolve Studio fonctionne avec les fichiers RAW provenant directement de la cam\u00e9ra. Vous b\u00e9n\u00e9ficiez d&rsquo;une r\u00e9cup\u00e9ration des hautes lumi\u00e8res, d&rsquo;une balance des blancs et d&rsquo;un contr\u00f4le du gamma exceptionnel. Le logiciel offre \u00e9galement des param\u00e8tres de r\u00e9glage pr\u00e9cis de l&rsquo;exposition, de la temp\u00e9rature de couleur, de la teinte et de la nettet\u00e9. Les outils destin\u00e9s au format RAW font ressortir les d\u00e9tails des basses, moyennes et hautes lumi\u00e8res en temps\u00a0r\u00e9el.<\/p>\n<p>&nbsp;<\/p>\n<h2 class=\"reduce-de\">R\u00e9duction de\u00a0bruit<\/h2>\n<h3 class=\"grey-text\">Des images d&rsquo;une nettet\u00e9 incroyable gr\u00e2ce \u00e0 une r\u00e9duction du bruit en temps\u00a0r\u00e9el\u00a0!<\/h3>\n<p>Avec DaVinci Resolve Studio, vous b\u00e9n\u00e9ficiez d&rsquo;outils de r\u00e9duction de bruit spatial et temporel qui reposent sur des algorithmes perfectionn\u00e9s acc\u00e9l\u00e9r\u00e9s par GPU. Le bruit de vos images est r\u00e9duit tout en conservant le plus de d\u00e9tails possible. En un mot, il s&rsquo;agit de l&rsquo;outil de r\u00e9duction de bruit le plus performant du\u00a0march\u00e9.<\/p>\n<p>&nbsp;<\/p>\n<h2>ResolveFX<\/h2>\n<h3 class=\"grey-text\">Des filtres <span class=\"nb-sm\">d\u2019effets indispensables<\/span><\/h3>\n<p>Les plug-ins ResolveFX sont acc\u00e9l\u00e9r\u00e9s par GPU et CPU afin d\u2019ajouter des effets de grain du film, de d\u00e9formation, de flare, etc. Les \u00e9talonneurs d\u00e9couvriront de nouveaux filtres, dont la reconnaissance faciale automatique qui a pour but de faciliter la modification de la couleur des yeux, des l\u00e8vres ou de la peau. Il existe m\u00eame un nouvel outil \u00e0 32 bits flottants qui permet d\u2019\u00e9liminer les taches et la poussi\u00e8re sur vos images ! DaVinci Resolve fonctionne \u00e9galement avec les plug-ins OpenFX\u00a0tiers.<\/p>","protected":false},"excerpt":{"rendered":"<p>DAVINCI RESOLVE CORRECTION COLORIM\u00c9TRIQUE AVANC\u00c9E Le logiciel de correction colorim\u00e9trique le\u00a0plus performant d&rsquo;Hollywood\u00a0! L&rsquo;ambiance d&rsquo;une sc\u00e8ne est directement li\u00e9e au choix de la couleur, c\u2019est pour cela que DaVinci Resolve va bien au-del\u00e0 de la simple correction de couleur. En effet, le logiciel offre des outils haut de gamme qui exploitent tout le potentiel d\u2019une [&hellip;]<\/p>\n","protected":false},"author":3,"featured_media":6943,"parent":0,"menu_order":0,"comment_status":"closed","ping_status":"closed","template":"","meta":{"_acf_changed":false,"footnotes":""},"class_list":["post-5244","page","type-page","status-publish","has-post-thumbnail","hentry"],"acf":[],"yoast_head":"<!-- This site is optimized with the Yoast SEO plugin v27.4 - https:\/\/yoast.com\/product\/yoast-seo-wordpress\/ -->\n<title>DAVINCI RESOLVE | Adrien Gontier, Directeur de la photographie, Chef op\u00e9rateur, Cinematographer, Paris, France |<\/title>\n<meta name=\"description\" content=\"Adrien Gontier, Directeur de la photographie, Chef op\u00e9rateur, Cinematographer, Paris, France | DAVINCI RESOLVE | adriengontier.com\" \/>\n<meta name=\"robots\" content=\"index, follow, max-snippet:-1, max-image-preview:large, max-video-preview:-1\" \/>\n<link rel=\"canonical\" href=\"https:\/\/adriengontier.com\/en\/davinci-resolve\/\" \/>\n<meta property=\"og:locale\" content=\"en_GB\" \/>\n<meta property=\"og:type\" content=\"article\" \/>\n<meta property=\"og:title\" content=\"DAVINCI RESOLVE | Adrien Gontier, Directeur de la photographie, Chef op\u00e9rateur, Cinematographer, Paris, France |\" \/>\n<meta property=\"og:description\" content=\"Adrien Gontier, Directeur de la photographie, Chef op\u00e9rateur, Cinematographer, Paris, France | DAVINCI RESOLVE | adriengontier.com\" \/>\n<meta property=\"og:url\" content=\"https:\/\/adriengontier.com\/en\/davinci-resolve\/\" \/>\n<meta property=\"og:site_name\" content=\"Adrien Gontier, Directeur de la photographie, Chef op\u00e9rateur, Cinematographer, Paris, France\" \/>\n<meta property=\"article:publisher\" content=\"https:\/\/www.facebook.com\/adriengontierDOP\/\" \/>\n<meta property=\"article:modified_time\" content=\"2020-05-04T07:23:58+00:00\" \/>\n<meta property=\"og:image\" content=\"https:\/\/adriengontier.com\/wp-content\/uploads\/vignette\/DAVINCI-RESOLVE-Vignette-3.png\" \/>\n\t<meta property=\"og:image:width\" content=\"1536\" \/>\n\t<meta property=\"og:image:height\" content=\"657\" \/>\n\t<meta property=\"og:image:type\" content=\"image\/png\" \/>\n<meta name=\"twitter:card\" content=\"summary_large_image\" \/>\n<meta name=\"twitter:site\" content=\"@adriengo\" \/>\n<meta name=\"twitter:label1\" content=\"Estimated reading time\" \/>\n\t<meta name=\"twitter:data1\" content=\"5 minutes\" \/>\n<script type=\"application\/ld+json\" class=\"yoast-schema-graph\">{\"@context\":\"https:\\\/\\\/schema.org\",\"@graph\":[{\"@type\":\"WebPage\",\"@id\":\"https:\\\/\\\/adriengontier.com\\\/davinci-resolve\\\/\",\"url\":\"https:\\\/\\\/adriengontier.com\\\/davinci-resolve\\\/\",\"name\":\"DAVINCI RESOLVE | Adrien Gontier, Directeur de la photographie, Chef op\u00e9rateur, Cinematographer, Paris, France |\",\"isPartOf\":{\"@id\":\"https:\\\/\\\/adriengontier.com\\\/#website\"},\"primaryImageOfPage\":{\"@id\":\"https:\\\/\\\/adriengontier.com\\\/davinci-resolve\\\/#primaryimage\"},\"image\":{\"@id\":\"https:\\\/\\\/adriengontier.com\\\/davinci-resolve\\\/#primaryimage\"},\"thumbnailUrl\":\"https:\\\/\\\/adriengontier.com\\\/wp-content\\\/uploads\\\/vignette\\\/DAVINCI-RESOLVE-Vignette-3.png\",\"datePublished\":\"2018-10-10T15:49:35+00:00\",\"dateModified\":\"2020-05-04T07:23:58+00:00\",\"description\":\"Adrien Gontier, Directeur de la photographie, Chef op\u00e9rateur, Cinematographer, Paris, France | DAVINCI RESOLVE | adriengontier.com\",\"breadcrumb\":{\"@id\":\"https:\\\/\\\/adriengontier.com\\\/davinci-resolve\\\/#breadcrumb\"},\"inLanguage\":\"en-GB\",\"potentialAction\":[{\"@type\":\"ReadAction\",\"target\":[\"https:\\\/\\\/adriengontier.com\\\/davinci-resolve\\\/\"]}]},{\"@type\":\"ImageObject\",\"inLanguage\":\"en-GB\",\"@id\":\"https:\\\/\\\/adriengontier.com\\\/davinci-resolve\\\/#primaryimage\",\"url\":\"https:\\\/\\\/adriengontier.com\\\/wp-content\\\/uploads\\\/vignette\\\/DAVINCI-RESOLVE-Vignette-3.png\",\"contentUrl\":\"https:\\\/\\\/adriengontier.com\\\/wp-content\\\/uploads\\\/vignette\\\/DAVINCI-RESOLVE-Vignette-3.png\",\"width\":1536,\"height\":657,\"caption\":\"Chef op\u00e9rateur \u00e9quip\u00e9 Paris Directeur de la photographie - Mat\u00e9riel\"},{\"@type\":\"BreadcrumbList\",\"@id\":\"https:\\\/\\\/adriengontier.com\\\/davinci-resolve\\\/#breadcrumb\",\"itemListElement\":[{\"@type\":\"ListItem\",\"position\":1,\"name\":\"Home\",\"item\":\"https:\\\/\\\/adriengontier.com\\\/\"},{\"@type\":\"ListItem\",\"position\":2,\"name\":\"DAVINCI RESOLVE\"}]},{\"@type\":\"WebSite\",\"@id\":\"https:\\\/\\\/adriengontier.com\\\/#website\",\"url\":\"https:\\\/\\\/adriengontier.com\\\/\",\"name\":\"Adrien Gontier, Directeur de la photographie, Chef op\u00e9rateur, Cinematographer, Paris, France\",\"description\":\"Chef op\u00e9rateur, Directeur de la photographie, Paris, France\",\"publisher\":{\"@id\":\"https:\\\/\\\/adriengontier.com\\\/#organization\"},\"potentialAction\":[{\"@type\":\"SearchAction\",\"target\":{\"@type\":\"EntryPoint\",\"urlTemplate\":\"https:\\\/\\\/adriengontier.com\\\/?s={search_term_string}\"},\"query-input\":{\"@type\":\"PropertyValueSpecification\",\"valueRequired\":true,\"valueName\":\"search_term_string\"}}],\"inLanguage\":\"en-GB\"},{\"@type\":\"Organization\",\"@id\":\"https:\\\/\\\/adriengontier.com\\\/#organization\",\"name\":\"Adrien Gontier, Directeur de la photographie, Chef op\u00e9rateur, Cinematographer, Dop, Paris, France\",\"url\":\"https:\\\/\\\/adriengontier.com\\\/\",\"logo\":{\"@type\":\"ImageObject\",\"inLanguage\":\"en-GB\",\"@id\":\"https:\\\/\\\/adriengontier.com\\\/#\\\/schema\\\/logo\\\/image\\\/\",\"url\":\"https:\\\/\\\/adriengontier.com\\\/wp-content\\\/uploads\\\/vignette\\\/cropped-logo-AdrienGontier-2020-601-1.png\",\"contentUrl\":\"https:\\\/\\\/adriengontier.com\\\/wp-content\\\/uploads\\\/vignette\\\/cropped-logo-AdrienGontier-2020-601-1.png\",\"width\":601,\"height\":172,\"caption\":\"Adrien Gontier, Directeur de la photographie, Chef op\u00e9rateur, Cinematographer, Dop, Paris, France\"},\"image\":{\"@id\":\"https:\\\/\\\/adriengontier.com\\\/#\\\/schema\\\/logo\\\/image\\\/\"},\"sameAs\":[\"https:\\\/\\\/www.facebook.com\\\/adriengontierDOP\\\/\",\"https:\\\/\\\/x.com\\\/adriengo\",\"https:\\\/\\\/www.instagram.com\\\/adriengontier\\\/\",\"https:\\\/\\\/fr.linkedin.com\\\/in\\\/adriengo\",\"https:\\\/\\\/vimeo.com\\\/adriengo\"]}]}<\/script>\n<!-- \/ Yoast SEO plugin. -->","yoast_head_json":{"title":"DAVINCI RESOLVE | Adrien Gontier, Directeur de la photographie, Chef op\u00e9rateur, Cinematographer, Paris, France |","description":"Adrien Gontier, Directeur de la photographie, Chef op\u00e9rateur, Cinematographer, Paris, France | DAVINCI RESOLVE | adriengontier.com","robots":{"index":"index","follow":"follow","max-snippet":"max-snippet:-1","max-image-preview":"max-image-preview:large","max-video-preview":"max-video-preview:-1"},"canonical":"https:\/\/adriengontier.com\/en\/davinci-resolve\/","og_locale":"en_GB","og_type":"article","og_title":"DAVINCI RESOLVE | Adrien Gontier, Directeur de la photographie, Chef op\u00e9rateur, Cinematographer, Paris, France |","og_description":"Adrien Gontier, Directeur de la photographie, Chef op\u00e9rateur, Cinematographer, Paris, France | DAVINCI RESOLVE | adriengontier.com","og_url":"https:\/\/adriengontier.com\/en\/davinci-resolve\/","og_site_name":"Adrien Gontier, Directeur de la photographie, Chef op\u00e9rateur, Cinematographer, Paris, France","article_publisher":"https:\/\/www.facebook.com\/adriengontierDOP\/","article_modified_time":"2020-05-04T07:23:58+00:00","og_image":[{"width":1536,"height":657,"url":"https:\/\/adriengontier.com\/wp-content\/uploads\/vignette\/DAVINCI-RESOLVE-Vignette-3.png","type":"image\/png"}],"twitter_card":"summary_large_image","twitter_site":"@adriengo","twitter_misc":{"Estimated reading time":"5 minutes"},"schema":{"@context":"https:\/\/schema.org","@graph":[{"@type":"WebPage","@id":"https:\/\/adriengontier.com\/davinci-resolve\/","url":"https:\/\/adriengontier.com\/davinci-resolve\/","name":"DAVINCI RESOLVE | Adrien Gontier, Directeur de la photographie, Chef op\u00e9rateur, Cinematographer, Paris, France |","isPartOf":{"@id":"https:\/\/adriengontier.com\/#website"},"primaryImageOfPage":{"@id":"https:\/\/adriengontier.com\/davinci-resolve\/#primaryimage"},"image":{"@id":"https:\/\/adriengontier.com\/davinci-resolve\/#primaryimage"},"thumbnailUrl":"https:\/\/adriengontier.com\/wp-content\/uploads\/vignette\/DAVINCI-RESOLVE-Vignette-3.png","datePublished":"2018-10-10T15:49:35+00:00","dateModified":"2020-05-04T07:23:58+00:00","description":"Adrien Gontier, Directeur de la photographie, Chef op\u00e9rateur, Cinematographer, Paris, France | DAVINCI RESOLVE | adriengontier.com","breadcrumb":{"@id":"https:\/\/adriengontier.com\/davinci-resolve\/#breadcrumb"},"inLanguage":"en-GB","potentialAction":[{"@type":"ReadAction","target":["https:\/\/adriengontier.com\/davinci-resolve\/"]}]},{"@type":"ImageObject","inLanguage":"en-GB","@id":"https:\/\/adriengontier.com\/davinci-resolve\/#primaryimage","url":"https:\/\/adriengontier.com\/wp-content\/uploads\/vignette\/DAVINCI-RESOLVE-Vignette-3.png","contentUrl":"https:\/\/adriengontier.com\/wp-content\/uploads\/vignette\/DAVINCI-RESOLVE-Vignette-3.png","width":1536,"height":657,"caption":"Chef op\u00e9rateur \u00e9quip\u00e9 Paris Directeur de la photographie - Mat\u00e9riel"},{"@type":"BreadcrumbList","@id":"https:\/\/adriengontier.com\/davinci-resolve\/#breadcrumb","itemListElement":[{"@type":"ListItem","position":1,"name":"Home","item":"https:\/\/adriengontier.com\/"},{"@type":"ListItem","position":2,"name":"DAVINCI RESOLVE"}]},{"@type":"WebSite","@id":"https:\/\/adriengontier.com\/#website","url":"https:\/\/adriengontier.com\/","name":"Adrien Gontier, Directeur de la photographie, Chef op\u00e9rateur, Cinematographer, Paris, France","description":"Chef op\u00e9rateur, Directeur de la photographie, Paris, France","publisher":{"@id":"https:\/\/adriengontier.com\/#organization"},"potentialAction":[{"@type":"SearchAction","target":{"@type":"EntryPoint","urlTemplate":"https:\/\/adriengontier.com\/?s={search_term_string}"},"query-input":{"@type":"PropertyValueSpecification","valueRequired":true,"valueName":"search_term_string"}}],"inLanguage":"en-GB"},{"@type":"Organization","@id":"https:\/\/adriengontier.com\/#organization","name":"Adrien Gontier, Directeur de la photographie, Chef op\u00e9rateur, Cinematographer, Dop, Paris, France","url":"https:\/\/adriengontier.com\/","logo":{"@type":"ImageObject","inLanguage":"en-GB","@id":"https:\/\/adriengontier.com\/#\/schema\/logo\/image\/","url":"https:\/\/adriengontier.com\/wp-content\/uploads\/vignette\/cropped-logo-AdrienGontier-2020-601-1.png","contentUrl":"https:\/\/adriengontier.com\/wp-content\/uploads\/vignette\/cropped-logo-AdrienGontier-2020-601-1.png","width":601,"height":172,"caption":"Adrien Gontier, Directeur de la photographie, Chef op\u00e9rateur, Cinematographer, Dop, Paris, France"},"image":{"@id":"https:\/\/adriengontier.com\/#\/schema\/logo\/image\/"},"sameAs":["https:\/\/www.facebook.com\/adriengontierDOP\/","https:\/\/x.com\/adriengo","https:\/\/www.instagram.com\/adriengontier\/","https:\/\/fr.linkedin.com\/in\/adriengo","https:\/\/vimeo.com\/adriengo"]}]}},"_links":{"self":[{"href":"https:\/\/adriengontier.com\/en\/wp-json\/wp\/v2\/pages\/5244","targetHints":{"allow":["GET"]}}],"collection":[{"href":"https:\/\/adriengontier.com\/en\/wp-json\/wp\/v2\/pages"}],"about":[{"href":"https:\/\/adriengontier.com\/en\/wp-json\/wp\/v2\/types\/page"}],"author":[{"embeddable":true,"href":"https:\/\/adriengontier.com\/en\/wp-json\/wp\/v2\/users\/3"}],"replies":[{"embeddable":true,"href":"https:\/\/adriengontier.com\/en\/wp-json\/wp\/v2\/comments?post=5244"}],"version-history":[{"count":1,"href":"https:\/\/adriengontier.com\/en\/wp-json\/wp\/v2\/pages\/5244\/revisions"}],"predecessor-version":[{"id":11418,"href":"https:\/\/adriengontier.com\/en\/wp-json\/wp\/v2\/pages\/5244\/revisions\/11418"}],"wp:featuredmedia":[{"embeddable":true,"href":"https:\/\/adriengontier.com\/en\/wp-json\/wp\/v2\/media\/6943"}],"wp:attachment":[{"href":"https:\/\/adriengontier.com\/en\/wp-json\/wp\/v2\/media?parent=5244"}],"curies":[{"name":"wp","href":"https:\/\/api.w.org\/{rel}","templated":true}]}}