{"id":5253,"date":"2018-10-29T02:16:00","date_gmt":"2018-10-29T00:16:00","guid":{"rendered":"https:\/\/adriengontier.com\/?page_id=5253"},"modified":"2019-12-23T12:21:40","modified_gmt":"2019-12-23T10:21:40","slug":"cooke-s7-i-full-frame-t2-0","status":"publish","type":"page","link":"https:\/\/adriengontier.com\/en\/cooke-s7-i-full-frame-t2-0\/","title":{"rendered":"Cooke S7\/i Full Frame Plus Primes T2.0"},"content":{"rendered":"<p>&nbsp;<\/p>\n<div id=\"introContainer\">\n<div>\n<p><a href=\"https:\/\/adriengontier.com\/wp-content\/uploads\/vignette\/Cooke-S7i-Full-Frame-Plus-RED-8K-Sensor-Img003-800x231.jpeg\"><img fetchpriority=\"high\" decoding=\"async\" class=\"aligncenter size-full wp-image-5261\" src=\"https:\/\/adriengontier.com\/wp-content\/uploads\/vignette\/Cooke-S7i-Full-Frame-Plus-RED-8K-Sensor-Img003-800x231.jpeg\" alt=\"Cooke-S7i-Full-Frame-Plus-RED-8K-Sensor-Img003-800\u00d7231\" width=\"800\" height=\"231\" \/><\/a><\/p>\n<figure id=\"attachment_5262\" aria-describedby=\"caption-attachment-5262\" style=\"width: 796px\" class=\"wp-caption aligncenter\"><a href=\"https:\/\/adriengontier.com\/wp-content\/uploads\/vignette\/Cooke-S7i-FullFramePlus.jpg\"><img decoding=\"async\" class=\"wp-image-5262\" src=\"https:\/\/adriengontier.com\/wp-content\/uploads\/vignette\/Cooke-S7i-FullFramePlus.jpg\" alt=\"Cooke-S7i-FullFramePlus\" width=\"796\" height=\"248\" \/><\/a><figcaption id=\"caption-attachment-5262\" class=\"wp-caption-text\">Cooke S7i Full Frame Plus &#8211; 18 &#8211; 25 &#8211; 32 &#8211; 50 \u00a0&#8211; 75 &#8211; 135 T2.0<\/figcaption><\/figure>\n<\/div>\n<div><\/div>\n<div>THE COOKE LOOK IN FULLFRAME<\/div>\n<div><\/div>\n<div id=\"introLeftContainer\"><b>Cooke S7\/i Full Frame Plus Primes<br \/>\nT2.0<\/b>Shoot 35mm, Super 35mm, Full Frame and Beyond<br \/>\nThe Cooke S7\/i, T2.0 Full Frame Plus Primes are designed to cover the emergent full frame cinema camera sensors up to at least the full sensor area of the RED Monster 8K (46.31mm image circle).Shoot 35mm \/ Super 35mm formats, full frame, VistaVision and beyond &#8211; all with The Cooke Look\u00ae. We have you covered with our S7\/i Full Frame Plus lenses.Superb optical and mechanical performance, control of flare, distortion, veiling glare and spherical aberrations at full aperture. The cam-type focus mechanism allows for smooth focus adjustments. Modular construction increases ease of maintenance and serviceability.And, the S7\/i lenses come equipped with \/i Technology for frame by frame digital information capture, as do all modern Cooke cine lenses for film and digital capture.Available in focal lengths: 16,18, 21, 25, 27, 32, 40, 50, 65, 75, 100 and 135mm.<\/div>\n<\/div>\n<div align=\"center\"><\/div>\n<div align=\"center\"><\/div>\n<div id=\"introLeftContainerLower\">\n<p><b>Feature Highlights<\/b><\/p>\n<ul class=\"uListPadding\">\n<li>Focal lengths: 16,18, 21, 25, 27, 32, 40, 50, 65, 75, 100 and 135mm<\/li>\n<li>T2.0 \u2013 T22 aperture<\/li>\n<li>Covers at least 46.31mm image circle<\/li>\n<li>Colour matched to Anamorphic\/i, S4\/i, miniS4\/i, 5\/i and Pancro\/i Classic lenses<\/li>\n<li>Award-winning cam style mechanism for smooth focus adjustments<\/li>\n<li>Especially well balanced for astigmatism and correct for lateral and longitudinal aberrations over the entire image area<\/li>\n<li>Supplied with the next generation of \/i Technology for lens metadata capture<\/li>\n<li>Linear iris<\/li>\n<li>The Cooke Look\u00ae, of course<\/li>\n<\/ul>\n<p>\/i\u00a0<span class=\"postLogo\"><b>Technology<\/b><\/span><\/p>\n<p>Our Cooke S7\/i Prime lenses are supplied with \/i Technology that collect detailed lens data for production, VFX and post-production teams and are designed for all PL mounted professional motion picture film and electronic cameras. The \/i Technology provides cinematographers and camera operators with vital information on lens setting, focusing distance, aperture and depth-of-field, hyperfocal distance, serial number, owner data, lens type and focal length in both metric and footage measurements, as well as inertial tracking data, shading and distortion data. For zoom lenses, the zoom position is displayed.<\/p>\n<\/div>\n<div>\n<ul>\n<li><span class=\"listSpan\"><span class=\"listSpan\">You can have a continuous remote readout of the precise focus setting, T stop and depth-of-field from electronics inside the \/i equipped lens so you will be able to see the actor in front of you and the focus setting on the lens beside you without turning your head or even having to move your eyes too much. ACs love it.<\/span><\/span><\/li>\n<li><span class=\"listSpan\"><span class=\"listSpan\">You can digitally record vital lens settings accurately, frame-by-frame, all synced to Timecode, instead of having to manually write down lens settings for every shot, eliminating human error. One task your script supervisor needn&rsquo;t worry about.<\/span><\/span><\/li>\n<li><span class=\"listSpan\"><span class=\"listSpan\">Normal operations on set are not affected. Metadata recording takes place without having to monitor or manipulate anything. Data records to digital or film recording medium or to an SD card. No specialists required on set and the DP needn&rsquo;t worry about fussing with complicated accessories.<\/span><\/span><\/li>\n<li><span class=\"listSpan\">You will streamline the production and post production processes to save time and cost while ensuring a better quality product because the digital data you can now provide takes the guess work out of the process. Artists create visual effects and 3D models that are more accurate, with much greater speed. Everybody wins &#8212; ACs, DPs, Directors, Producers, VFX Artists \u2013 EVERYBODY wins.<br \/>\n<\/span><\/li>\n<\/ul>\n<\/div>\n<p><a href=\"https:\/\/www.cookeoptics.com\/techdoc\/F2B8936E03D6901185257BB400540825\/Cooke-Lenses-DoF-Tables-20161010.pdf\">https:\/\/www.cookeoptics.com\/techdoc\/F2B8936E03D6901185257BB400540825\/Cooke-Lenses-DoF-Tables-20161010.pdf<\/a><\/p>\n<div id=\"mainFeatureTable\">\n<div id=\"PGRE-ALMHTYRow\" class=\"mainFRow\">\n<div class=\"mainFRowValue\"><a href=\"https:\/\/www.cookeoptics.com\/l\/s7i-full-frame.html\">https:\/\/www.cookeoptics.com\/l\/s7i-full-frame.html<\/a><\/div>\n<\/div>\n<\/div>\n<div id=\"introContainerLower\">\n<div id=\"introLeft\">\n<p>Workflows with PFtrack<\/p>\n<p><a href=\"https:\/\/www.cookeoptics.com\/imgs\/~itechnology-camera-t101\/camera_tracking_101.pdf\">https:\/\/www.cookeoptics.com\/imgs\/~itechnology-camera-t101\/camera_tracking_101.pdf<\/a><\/p>\n<p>&nbsp;<\/p>\n<p id=\"testfootage\"><b>Cooke S7\/i Lens Footage<\/b><\/p>\n<\/div>\n<p>&nbsp;<\/p>\n<div id=\"introLeftVd\">\n<p><iframe src=\"https:\/\/player.vimeo.com\/video\/213668636\" width=\"640\" height=\"360\" frameborder=\"0\" allowfullscreen=\"allowfullscreen\" data-mce-fragment=\"1\"><\/iframe><\/p>\n<p>&nbsp;<\/p>\n<p><iframe src=\"https:\/\/player.vimeo.com\/video\/280955074\" width=\"640\" height=\"360\" frameborder=\"0\" allowfullscreen=\"allowfullscreen\" data-mce-fragment=\"1\"><\/iframe><\/p>\n<\/div>\n<\/div>\n<div><\/div>\n<div><\/div>","protected":false},"excerpt":{"rendered":"<p>&nbsp; THE COOKE LOOK IN FULLFRAME Cooke S7\/i Full Frame Plus Primes T2.0Shoot 35mm, Super 35mm, Full Frame and Beyond The Cooke S7\/i, T2.0 Full Frame Plus Primes are designed to cover the emergent full frame cinema camera sensors up to at least the full sensor area of the RED Monster 8K (46.31mm image circle).Shoot [&hellip;]<\/p>\n","protected":false},"author":3,"featured_media":6944,"parent":0,"menu_order":0,"comment_status":"closed","ping_status":"closed","template":"","meta":{"_acf_changed":false,"footnotes":""},"class_list":["post-5253","page","type-page","status-publish","has-post-thumbnail","hentry"],"acf":[],"yoast_head":"<!-- This site is optimized with the Yoast SEO plugin v27.4 - https:\/\/yoast.com\/product\/yoast-seo-wordpress\/ -->\n<title>Cooke S7\/i Full Frame Plus Primes T2.0 | Adrien Gontier, Directeur de la photographie, Chef op\u00e9rateur, Cinematographer, Paris, France |<\/title>\n<meta name=\"description\" content=\"Adrien Gontier, Directeur de la photographie, Chef op\u00e9rateur, Cinematographer, Paris, France | Cooke S7\/i Full Frame Plus Primes T2.0 | adriengontier.com\" \/>\n<meta name=\"robots\" content=\"index, follow, max-snippet:-1, max-image-preview:large, max-video-preview:-1\" \/>\n<link rel=\"canonical\" href=\"https:\/\/adriengontier.com\/en\/cooke-s7-i-full-frame-t2-0\/\" \/>\n<meta property=\"og:locale\" content=\"en_GB\" \/>\n<meta property=\"og:type\" content=\"article\" \/>\n<meta property=\"og:title\" content=\"Cooke S7\/i Full Frame Plus Primes T2.0 | Adrien Gontier, Directeur de la photographie, Chef op\u00e9rateur, Cinematographer, Paris, France |\" \/>\n<meta property=\"og:description\" content=\"Adrien Gontier, Directeur de la photographie, Chef op\u00e9rateur, Cinematographer, Paris, France | Cooke S7\/i Full Frame Plus Primes T2.0 | adriengontier.com\" \/>\n<meta property=\"og:url\" content=\"https:\/\/adriengontier.com\/en\/cooke-s7-i-full-frame-t2-0\/\" \/>\n<meta property=\"og:site_name\" content=\"Adrien Gontier, Directeur de la photographie, Chef op\u00e9rateur, Cinematographer, Paris, France\" \/>\n<meta property=\"article:publisher\" content=\"https:\/\/www.facebook.com\/adriengontierDOP\/\" \/>\n<meta property=\"article:modified_time\" content=\"2019-12-23T10:21:40+00:00\" \/>\n<meta property=\"og:image\" content=\"https:\/\/adriengontier.com\/wp-content\/uploads\/vignette\/cooke-vignette.png\" \/>\n\t<meta property=\"og:image:width\" content=\"1536\" \/>\n\t<meta property=\"og:image:height\" content=\"658\" \/>\n\t<meta property=\"og:image:type\" content=\"image\/png\" \/>\n<meta name=\"twitter:card\" content=\"summary_large_image\" \/>\n<meta name=\"twitter:site\" content=\"@adriengo\" \/>\n<meta name=\"twitter:label1\" content=\"Estimated reading time\" \/>\n\t<meta name=\"twitter:data1\" content=\"3 minutes\" \/>\n<script type=\"application\/ld+json\" class=\"yoast-schema-graph\">{\"@context\":\"https:\\\/\\\/schema.org\",\"@graph\":[{\"@type\":\"WebPage\",\"@id\":\"https:\\\/\\\/adriengontier.com\\\/cooke-s7-i-full-frame-t2-0\\\/\",\"url\":\"https:\\\/\\\/adriengontier.com\\\/cooke-s7-i-full-frame-t2-0\\\/\",\"name\":\"Cooke S7\\\/i Full Frame Plus Primes T2.0 | Adrien Gontier, Directeur de la photographie, Chef op\u00e9rateur, Cinematographer, Paris, France |\",\"isPartOf\":{\"@id\":\"https:\\\/\\\/adriengontier.com\\\/#website\"},\"primaryImageOfPage\":{\"@id\":\"https:\\\/\\\/adriengontier.com\\\/cooke-s7-i-full-frame-t2-0\\\/#primaryimage\"},\"image\":{\"@id\":\"https:\\\/\\\/adriengontier.com\\\/cooke-s7-i-full-frame-t2-0\\\/#primaryimage\"},\"thumbnailUrl\":\"https:\\\/\\\/adriengontier.com\\\/wp-content\\\/uploads\\\/vignette\\\/cooke-vignette.png\",\"datePublished\":\"2018-10-29T00:16:00+00:00\",\"dateModified\":\"2019-12-23T10:21:40+00:00\",\"description\":\"Adrien Gontier, Directeur de la photographie, Chef op\u00e9rateur, Cinematographer, Paris, France | Cooke S7\\\/i Full Frame Plus Primes T2.0 | adriengontier.com\",\"breadcrumb\":{\"@id\":\"https:\\\/\\\/adriengontier.com\\\/cooke-s7-i-full-frame-t2-0\\\/#breadcrumb\"},\"inLanguage\":\"en-GB\",\"potentialAction\":[{\"@type\":\"ReadAction\",\"target\":[\"https:\\\/\\\/adriengontier.com\\\/cooke-s7-i-full-frame-t2-0\\\/\"]}]},{\"@type\":\"ImageObject\",\"inLanguage\":\"en-GB\",\"@id\":\"https:\\\/\\\/adriengontier.com\\\/cooke-s7-i-full-frame-t2-0\\\/#primaryimage\",\"url\":\"https:\\\/\\\/adriengontier.com\\\/wp-content\\\/uploads\\\/vignette\\\/cooke-vignette.png\",\"contentUrl\":\"https:\\\/\\\/adriengontier.com\\\/wp-content\\\/uploads\\\/vignette\\\/cooke-vignette.png\",\"width\":1536,\"height\":658,\"caption\":\"Chef op\u00e9rateur \u00e9quip\u00e9 Paris Directeur de la photographie - Mat\u00e9riel\"},{\"@type\":\"BreadcrumbList\",\"@id\":\"https:\\\/\\\/adriengontier.com\\\/cooke-s7-i-full-frame-t2-0\\\/#breadcrumb\",\"itemListElement\":[{\"@type\":\"ListItem\",\"position\":1,\"name\":\"Home\",\"item\":\"https:\\\/\\\/adriengontier.com\\\/\"},{\"@type\":\"ListItem\",\"position\":2,\"name\":\"Cooke S7\\\/i Full Frame Plus Primes T2.0\"}]},{\"@type\":\"WebSite\",\"@id\":\"https:\\\/\\\/adriengontier.com\\\/#website\",\"url\":\"https:\\\/\\\/adriengontier.com\\\/\",\"name\":\"Adrien Gontier, Directeur de la photographie, Chef op\u00e9rateur, Cinematographer, Paris, France\",\"description\":\"Chef op\u00e9rateur, Directeur de la photographie, Paris, France\",\"publisher\":{\"@id\":\"https:\\\/\\\/adriengontier.com\\\/#organization\"},\"potentialAction\":[{\"@type\":\"SearchAction\",\"target\":{\"@type\":\"EntryPoint\",\"urlTemplate\":\"https:\\\/\\\/adriengontier.com\\\/?s={search_term_string}\"},\"query-input\":{\"@type\":\"PropertyValueSpecification\",\"valueRequired\":true,\"valueName\":\"search_term_string\"}}],\"inLanguage\":\"en-GB\"},{\"@type\":\"Organization\",\"@id\":\"https:\\\/\\\/adriengontier.com\\\/#organization\",\"name\":\"Adrien Gontier, Directeur de la photographie, Chef op\u00e9rateur, Cinematographer, Dop, Paris, France\",\"url\":\"https:\\\/\\\/adriengontier.com\\\/\",\"logo\":{\"@type\":\"ImageObject\",\"inLanguage\":\"en-GB\",\"@id\":\"https:\\\/\\\/adriengontier.com\\\/#\\\/schema\\\/logo\\\/image\\\/\",\"url\":\"https:\\\/\\\/adriengontier.com\\\/wp-content\\\/uploads\\\/vignette\\\/cropped-logo-AdrienGontier-2020-601-1.png\",\"contentUrl\":\"https:\\\/\\\/adriengontier.com\\\/wp-content\\\/uploads\\\/vignette\\\/cropped-logo-AdrienGontier-2020-601-1.png\",\"width\":601,\"height\":172,\"caption\":\"Adrien Gontier, Directeur de la photographie, Chef op\u00e9rateur, Cinematographer, Dop, Paris, France\"},\"image\":{\"@id\":\"https:\\\/\\\/adriengontier.com\\\/#\\\/schema\\\/logo\\\/image\\\/\"},\"sameAs\":[\"https:\\\/\\\/www.facebook.com\\\/adriengontierDOP\\\/\",\"https:\\\/\\\/x.com\\\/adriengo\",\"https:\\\/\\\/www.instagram.com\\\/adriengontier\\\/\",\"https:\\\/\\\/fr.linkedin.com\\\/in\\\/adriengo\",\"https:\\\/\\\/vimeo.com\\\/adriengo\"]}]}<\/script>\n<!-- \/ Yoast SEO plugin. -->","yoast_head_json":{"title":"Cooke S7\/i Full Frame Plus Primes T2.0 | Adrien Gontier, Directeur de la photographie, Chef op\u00e9rateur, Cinematographer, Paris, France |","description":"Adrien Gontier, Directeur de la photographie, Chef op\u00e9rateur, Cinematographer, Paris, France | Cooke S7\/i Full Frame Plus Primes T2.0 | adriengontier.com","robots":{"index":"index","follow":"follow","max-snippet":"max-snippet:-1","max-image-preview":"max-image-preview:large","max-video-preview":"max-video-preview:-1"},"canonical":"https:\/\/adriengontier.com\/en\/cooke-s7-i-full-frame-t2-0\/","og_locale":"en_GB","og_type":"article","og_title":"Cooke S7\/i Full Frame Plus Primes T2.0 | Adrien Gontier, Directeur de la photographie, Chef op\u00e9rateur, Cinematographer, Paris, France |","og_description":"Adrien Gontier, Directeur de la photographie, Chef op\u00e9rateur, Cinematographer, Paris, France | Cooke S7\/i Full Frame Plus Primes T2.0 | adriengontier.com","og_url":"https:\/\/adriengontier.com\/en\/cooke-s7-i-full-frame-t2-0\/","og_site_name":"Adrien Gontier, Directeur de la photographie, Chef op\u00e9rateur, Cinematographer, Paris, France","article_publisher":"https:\/\/www.facebook.com\/adriengontierDOP\/","article_modified_time":"2019-12-23T10:21:40+00:00","og_image":[{"width":1536,"height":658,"url":"https:\/\/adriengontier.com\/wp-content\/uploads\/vignette\/cooke-vignette.png","type":"image\/png"}],"twitter_card":"summary_large_image","twitter_site":"@adriengo","twitter_misc":{"Estimated reading time":"3 minutes"},"schema":{"@context":"https:\/\/schema.org","@graph":[{"@type":"WebPage","@id":"https:\/\/adriengontier.com\/cooke-s7-i-full-frame-t2-0\/","url":"https:\/\/adriengontier.com\/cooke-s7-i-full-frame-t2-0\/","name":"Cooke S7\/i Full Frame Plus Primes T2.0 | Adrien Gontier, Directeur de la photographie, Chef op\u00e9rateur, Cinematographer, Paris, France |","isPartOf":{"@id":"https:\/\/adriengontier.com\/#website"},"primaryImageOfPage":{"@id":"https:\/\/adriengontier.com\/cooke-s7-i-full-frame-t2-0\/#primaryimage"},"image":{"@id":"https:\/\/adriengontier.com\/cooke-s7-i-full-frame-t2-0\/#primaryimage"},"thumbnailUrl":"https:\/\/adriengontier.com\/wp-content\/uploads\/vignette\/cooke-vignette.png","datePublished":"2018-10-29T00:16:00+00:00","dateModified":"2019-12-23T10:21:40+00:00","description":"Adrien Gontier, Directeur de la photographie, Chef op\u00e9rateur, Cinematographer, Paris, France | Cooke S7\/i Full Frame Plus Primes T2.0 | adriengontier.com","breadcrumb":{"@id":"https:\/\/adriengontier.com\/cooke-s7-i-full-frame-t2-0\/#breadcrumb"},"inLanguage":"en-GB","potentialAction":[{"@type":"ReadAction","target":["https:\/\/adriengontier.com\/cooke-s7-i-full-frame-t2-0\/"]}]},{"@type":"ImageObject","inLanguage":"en-GB","@id":"https:\/\/adriengontier.com\/cooke-s7-i-full-frame-t2-0\/#primaryimage","url":"https:\/\/adriengontier.com\/wp-content\/uploads\/vignette\/cooke-vignette.png","contentUrl":"https:\/\/adriengontier.com\/wp-content\/uploads\/vignette\/cooke-vignette.png","width":1536,"height":658,"caption":"Chef op\u00e9rateur \u00e9quip\u00e9 Paris Directeur de la photographie - Mat\u00e9riel"},{"@type":"BreadcrumbList","@id":"https:\/\/adriengontier.com\/cooke-s7-i-full-frame-t2-0\/#breadcrumb","itemListElement":[{"@type":"ListItem","position":1,"name":"Home","item":"https:\/\/adriengontier.com\/"},{"@type":"ListItem","position":2,"name":"Cooke S7\/i Full Frame Plus Primes T2.0"}]},{"@type":"WebSite","@id":"https:\/\/adriengontier.com\/#website","url":"https:\/\/adriengontier.com\/","name":"Adrien Gontier, Directeur de la photographie, Chef op\u00e9rateur, Cinematographer, Paris, France","description":"Chef op\u00e9rateur, Directeur de la photographie, Paris, France","publisher":{"@id":"https:\/\/adriengontier.com\/#organization"},"potentialAction":[{"@type":"SearchAction","target":{"@type":"EntryPoint","urlTemplate":"https:\/\/adriengontier.com\/?s={search_term_string}"},"query-input":{"@type":"PropertyValueSpecification","valueRequired":true,"valueName":"search_term_string"}}],"inLanguage":"en-GB"},{"@type":"Organization","@id":"https:\/\/adriengontier.com\/#organization","name":"Adrien Gontier, Directeur de la photographie, Chef op\u00e9rateur, Cinematographer, Dop, Paris, France","url":"https:\/\/adriengontier.com\/","logo":{"@type":"ImageObject","inLanguage":"en-GB","@id":"https:\/\/adriengontier.com\/#\/schema\/logo\/image\/","url":"https:\/\/adriengontier.com\/wp-content\/uploads\/vignette\/cropped-logo-AdrienGontier-2020-601-1.png","contentUrl":"https:\/\/adriengontier.com\/wp-content\/uploads\/vignette\/cropped-logo-AdrienGontier-2020-601-1.png","width":601,"height":172,"caption":"Adrien Gontier, Directeur de la photographie, Chef op\u00e9rateur, Cinematographer, Dop, Paris, France"},"image":{"@id":"https:\/\/adriengontier.com\/#\/schema\/logo\/image\/"},"sameAs":["https:\/\/www.facebook.com\/adriengontierDOP\/","https:\/\/x.com\/adriengo","https:\/\/www.instagram.com\/adriengontier\/","https:\/\/fr.linkedin.com\/in\/adriengo","https:\/\/vimeo.com\/adriengo"]}]}},"_links":{"self":[{"href":"https:\/\/adriengontier.com\/en\/wp-json\/wp\/v2\/pages\/5253","targetHints":{"allow":["GET"]}}],"collection":[{"href":"https:\/\/adriengontier.com\/en\/wp-json\/wp\/v2\/pages"}],"about":[{"href":"https:\/\/adriengontier.com\/en\/wp-json\/wp\/v2\/types\/page"}],"author":[{"embeddable":true,"href":"https:\/\/adriengontier.com\/en\/wp-json\/wp\/v2\/users\/3"}],"replies":[{"embeddable":true,"href":"https:\/\/adriengontier.com\/en\/wp-json\/wp\/v2\/comments?post=5253"}],"version-history":[{"count":0,"href":"https:\/\/adriengontier.com\/en\/wp-json\/wp\/v2\/pages\/5253\/revisions"}],"wp:featuredmedia":[{"embeddable":true,"href":"https:\/\/adriengontier.com\/en\/wp-json\/wp\/v2\/media\/6944"}],"wp:attachment":[{"href":"https:\/\/adriengontier.com\/en\/wp-json\/wp\/v2\/media?parent=5253"}],"curies":[{"name":"wp","href":"https:\/\/api.w.org\/{rel}","templated":true}]}}